{"id":81331,"date":"2025-05-26T15:28:06","date_gmt":"2025-05-26T15:28:06","guid":{"rendered":"https:\/\/www.maquinaspublicidade.pt\/?post_type=product&#038;p=81331"},"modified":"2025-05-26T15:28:06","modified_gmt":"2025-05-26T15:28:06","slug":"laser-fibra-jpt-mopa-100w-m7-rotary","status":"publish","type":"product","link":"https:\/\/www.maquinaspublicidade.pt\/?product=laser-fibra-jpt-mopa-100w-m7-rotary","title":{"rendered":"Laser Fibra JPT MOPA 100W M7 + Rotary"},"content":{"rendered":"<h1><strong>\u2013 Oferta !!!<\/strong><\/h1>\n<ul>\n<li><strong>Transporte<\/strong><\/li>\n<li><strong>Instala\u00e7\u00e3o<\/strong><\/li>\n<li><strong>Forma\u00e7\u00e3o<\/strong><\/li>\n<\/ul>\n<p>&nbsp;<\/p>\n<p><strong>Par\u00e2metros t\u00e9cnicos:<\/strong><\/p>\n<p>Aplica\u00e7\u00e3o: Marca\u00e7\u00e3o Laser<br \/>\nPot\u00eancia do Laser: 100w<br \/>\nMarca de m\u00f3dulo de laser de fibra: Raycus<br \/>\nOpcional: fonte laser IPG \/Max\/JPT<br \/>\nExtens\u00e3o de eleva\u00e7\u00e3o do m\u00f3dulo laser de fibra: 100.000 horas<br \/>\nQualidade do feixe de luz M2&lt;1,5<br \/>\nVelocidade da linha de marca\u00e7\u00e3o \u22648000mm\/s<br \/>\nLargura m\u00ednima da linha 0,012 mm<br \/>\nCaracter m\u00ednimo 0,15 mm\/Dependendo do material<br \/>\nProfundidade de marca\u00e7\u00e3o \u22641,2 mm\/Ajust\u00e1vel em fun\u00e7\u00e3o dos materiais<br \/>\nPrecis\u00e3o de repeti\u00e7\u00e3o \u00b10,003 mm<br \/>\nDi\u00e2metro do ponto de focagem &lt;0,01 mm<br \/>\nPot\u00eancia de sa\u00edda do laser 10% ~ 100% continuamente ajust\u00e1vel<br \/>\nComprimento de onda do laser Si 1064 nm<br \/>\nFonte de alimenta\u00e7\u00e3o AC220V\/50Hz<br \/>\nTemperatura\/Humidade 15\u2103~35\u2103\/10%~95%<br \/>\nConsumo de energia \u2264400W<br \/>\nSistema operativo Win XP\/Win7\/Win8\/Win10<br \/>\nFormatos de marca\u00e7\u00e3o: gr\u00e1ficos, AI, texto, PLT, DXF, BMP, Dst, Dwg, LAS, DXP, c\u00f3digo de barras, c\u00f3digo QR etc.<\/p>\n<p>Sistema de refrigera\u00e7\u00e3o Refrigera\u00e7\u00e3o de ar incorporada<br \/>\nPadr\u00e3o de comunica\u00e7\u00e3o USB 2.0<br \/>\nSoftware de controlo Ezcad (f\u00e1cil de utilizar)<br \/>\nCertifica\u00e7\u00e3o CE, ISO<br \/>\nPeso Bruto (KG) 55KG<br \/>\nPeso l\u00edquido (KG) 45KG<br \/>\nEixo rotativo<br \/>\nServi\u00e7o de garantia p\u00f3s-venda Suporte t\u00e9cnico por v\u00eddeo, Suporte online, Pe\u00e7as de substitui\u00e7\u00e3o<br \/>\n\u00c1rea de marca\u00e7\u00e3o 300 mm * 300 mm<\/p>\n","protected":false},"excerpt":{"rendered":"<p>\u2013 Oferta !!! Transporte Instala\u00e7\u00e3o Forma\u00e7\u00e3o &nbsp; Par\u00e2metros t\u00e9cnicos: Aplica\u00e7\u00e3o: Marca\u00e7\u00e3o Laser Pot\u00eancia do Laser: 100w Marca de m\u00f3dulo de laser de fibra: Raycus Opcional: fonte laser IPG \/Max\/JPT Extens\u00e3o de eleva\u00e7\u00e3o do m\u00f3dulo laser de fibra: 100.000 horas Qualidade do feixe de luz M2&lt;1,5 Velocidade da linha de marca\u00e7\u00e3o \u22648000mm\/s Largura m\u00ednima da linha [&hellip;]<\/p>\n","protected":false},"featured_media":81327,"template":"","meta":[],"product_brand":[],"product_cat":[31,1624,12752],"product_tag":[],"class_list":{"0":"post-81331","1":"product","2":"type-product","3":"status-publish","4":"has-post-thumbnail","6":"product_cat-laser","7":"product_cat-laser-fibra","8":"product_cat-maquinas-cnc-fresadoras","10":"first","11":"instock","12":"sale","13":"taxable","14":"shipping-taxable","15":"purchasable","16":"product-type-simple"},"_links":{"self":[{"href":"https:\/\/www.maquinaspublicidade.pt\/index.php?rest_route=\/wp\/v2\/product\/81331","targetHints":{"allow":["GET"]}}],"collection":[{"href":"https:\/\/www.maquinaspublicidade.pt\/index.php?rest_route=\/wp\/v2\/product"}],"about":[{"href":"https:\/\/www.maquinaspublicidade.pt\/index.php?rest_route=\/wp\/v2\/types\/product"}],"version-history":[{"count":1,"href":"https:\/\/www.maquinaspublicidade.pt\/index.php?rest_route=\/wp\/v2\/product\/81331\/revisions"}],"predecessor-version":[{"id":81332,"href":"https:\/\/www.maquinaspublicidade.pt\/index.php?rest_route=\/wp\/v2\/product\/81331\/revisions\/81332"}],"wp:featuredmedia":[{"embeddable":true,"href":"https:\/\/www.maquinaspublicidade.pt\/index.php?rest_route=\/wp\/v2\/media\/81327"}],"wp:attachment":[{"href":"https:\/\/www.maquinaspublicidade.pt\/index.php?rest_route=%2Fwp%2Fv2%2Fmedia&parent=81331"}],"wp:term":[{"taxonomy":"product_brand","embeddable":true,"href":"https:\/\/www.maquinaspublicidade.pt\/index.php?rest_route=%2Fwp%2Fv2%2Fproduct_brand&post=81331"},{"taxonomy":"product_cat","embeddable":true,"href":"https:\/\/www.maquinaspublicidade.pt\/index.php?rest_route=%2Fwp%2Fv2%2Fproduct_cat&post=81331"},{"taxonomy":"product_tag","embeddable":true,"href":"https:\/\/www.maquinaspublicidade.pt\/index.php?rest_route=%2Fwp%2Fv2%2Fproduct_tag&post=81331"}],"curies":[{"name":"wp","href":"https:\/\/api.w.org\/{rel}","templated":true}]}}