{"id":81111,"date":"2022-09-30T00:53:49","date_gmt":"2022-09-30T00:53:49","guid":{"rendered":"https:\/\/www.maquinaspublicidade.pt\/?post_type=product&#038;p=81111"},"modified":"2024-11-02T14:18:35","modified_gmt":"2024-11-02T14:18:35","slug":"impressora-uv-dtf-a3-com-laminacao","status":"publish","type":"product","link":"https:\/\/www.maquinaspublicidade.pt\/?product=impressora-uv-dtf-a3-com-laminacao","title":{"rendered":"Impressora UV-DTF A3 com Lamina\u00e7\u00e3o CMYK+WWVV"},"content":{"rendered":"<p>Este novo modelo 2 em 1 <a href=\"https:\/\/www.maquinaspublicidade.pt\/produto\/tinta-uv-flex-1l\/\">impressora uv<\/a> dtf integra impressora uv dtf e lamina\u00e7\u00e3o.<\/p>\n<p>A impress\u00e3o uv adere em quase todo o tipo de materiais, imprime diretamente em filme uv dtf, podendo de seguida transferir o a imagem no produto que deseja sem necessidade de cola ou prensa.<\/p>\n<p>Materiais compativeis: Metal, Madeira, Vidro, Cer\u00e2mica, Couro, PVC, TPU, Pl\u00e1stico, Acr\u00edlico, etc.<\/p>\n<p>Cabe\u00e7as de impress\u00e3o Epson I608,<a href=\"https:\/\/pt.wikipedia.org\/wiki\/CMYK\"> CMYK<\/a>+WWV, velocidade de impress\u00e3o uv r\u00e1pida e excelente efeito de impress\u00e3o com c\u00f4res + branco + verniz<\/p>\n<p>Impressora com m\u00e1quina de lamina\u00e7\u00e3o incorporada, melhora muito a produ\u00e7\u00e3o<\/p>\n<p>Para impress\u00e3o em superf\u00edcie de forma irregular, pode atender a diferentes requisitos onde n\u00e3o consegue imprimir com uma UV plana convencional.<\/p>\n<p>Limpezas autom\u00e1ticas<\/p>\n<p>&nbsp;<\/p>\n","protected":false},"excerpt":{"rendered":"<p>Este novo modelo 2 em 1 impressora uv dtf integra impressora uv dtf e lamina\u00e7\u00e3o.<\/p>\n<p>Materiais compativeis: Metal, Madeira, Vidro, Cer\u00e2mica, Couro, PVC, TPU, Pl\u00e1stico, Acr\u00edlico, etc.<\/p>\n","protected":false},"featured_media":81112,"template":"","meta":[],"product_brand":[],"product_cat":[12764],"product_tag":[],"class_list":{"0":"post-81111","1":"product","2":"type-product","3":"status-publish","4":"has-post-thumbnail","6":"product_cat-impressoras-uv-dtf","8":"first","9":"instock","10":"taxable","11":"shipping-taxable","12":"purchasable","13":"product-type-simple"},"_links":{"self":[{"href":"https:\/\/www.maquinaspublicidade.pt\/index.php?rest_route=\/wp\/v2\/product\/81111","targetHints":{"allow":["GET"]}}],"collection":[{"href":"https:\/\/www.maquinaspublicidade.pt\/index.php?rest_route=\/wp\/v2\/product"}],"about":[{"href":"https:\/\/www.maquinaspublicidade.pt\/index.php?rest_route=\/wp\/v2\/types\/product"}],"version-history":[{"count":1,"href":"https:\/\/www.maquinaspublicidade.pt\/index.php?rest_route=\/wp\/v2\/product\/81111\/revisions"}],"predecessor-version":[{"id":81291,"href":"https:\/\/www.maquinaspublicidade.pt\/index.php?rest_route=\/wp\/v2\/product\/81111\/revisions\/81291"}],"wp:featuredmedia":[{"embeddable":true,"href":"https:\/\/www.maquinaspublicidade.pt\/index.php?rest_route=\/wp\/v2\/media\/81112"}],"wp:attachment":[{"href":"https:\/\/www.maquinaspublicidade.pt\/index.php?rest_route=%2Fwp%2Fv2%2Fmedia&parent=81111"}],"wp:term":[{"taxonomy":"product_brand","embeddable":true,"href":"https:\/\/www.maquinaspublicidade.pt\/index.php?rest_route=%2Fwp%2Fv2%2Fproduct_brand&post=81111"},{"taxonomy":"product_cat","embeddable":true,"href":"https:\/\/www.maquinaspublicidade.pt\/index.php?rest_route=%2Fwp%2Fv2%2Fproduct_cat&post=81111"},{"taxonomy":"product_tag","embeddable":true,"href":"https:\/\/www.maquinaspublicidade.pt\/index.php?rest_route=%2Fwp%2Fv2%2Fproduct_tag&post=81111"}],"curies":[{"name":"wp","href":"https:\/\/api.w.org\/{rel}","templated":true}]}}