{"id":81101,"date":"2022-09-29T23:38:26","date_gmt":"2022-09-29T23:38:26","guid":{"rendered":"https:\/\/www.maquinaspublicidade.pt\/?post_type=product&#038;p=81101"},"modified":"2022-10-02T15:12:29","modified_gmt":"2022-10-02T15:12:29","slug":"maquina-laser-co2-50w-300x500","status":"publish","type":"product","link":"https:\/\/www.maquinaspublicidade.pt\/?product=maquina-laser-co2-50w-300x500","title":{"rendered":"M\u00c1QUINA LASER CO2 50W 300X500 &#8220;RUIDA&#8221;"},"content":{"rendered":"<h2>Descri\u00e7\u00e3o<\/h2>\n<p>Especifica\u00e7\u00f5es t\u00e9cnicas:<\/p>\n<p>Certifica\u00e7\u00e3o: CE, FDA<br \/>\nPot\u00eancia do laser: 50 watts<br \/>\nVoltagem: 220-240V<br \/>\nTipo de laser: tubo de laser de vidro CO2 selado 880mm<br \/>\n\u00c1rea de trabalho: 500mm x 300mm<br \/>\nVelocidade m\u00e1xima de movimento: 500mm\/s<br \/>\nPlataformas de grava\u00e7\u00e3o dupla: plataforma de corte em favo de mel e faca de alum\u00ednio<br \/>\nFaixa de eleva\u00e7\u00e3o da plataforma de trabalho: 23 cm<br \/>\nPrecis\u00e3o de localiza\u00e7\u00e3o: \u00b10,01MM<br \/>\nTamanho m\u00ednimo dos caracteres: caracteres: 2x2mm, letras: 1x1mm<br \/>\nTemperatura de opera\u00e7\u00e3o: 5\u2103 a 40\u2103<br \/>\nRela\u00e7\u00e3o de resolu\u00e7\u00e3o: \u22644500dpi<br \/>\nConfigura\u00e7\u00e3o de controle: DSP<br \/>\nHardware de interface: cabo USB Conex\u00e3o ao PC e pendrive<br \/>\nEthernet: Conex\u00e3o ao PC<br \/>\nInterface de transfer\u00eancia de dados: USB (offline)<br \/>\nCompatibilidade do SO: WINDOWS 2000\/XP\/WIN7\/VISTA\/WIN8\/WIN10<br \/>\nModo de refrigera\u00e7\u00e3o: sistema de refrigera\u00e7\u00e3o a \u00e1gua (bomba de \u00e1gua inclu\u00edda)<br \/>\nVentila\u00e7\u00e3o: exaustor<br \/>\nFormatos gr\u00e1ficos suportados: BMP,GIF,JPEG,PCX,TGA,TIFF,PLT,CDR,DMG,DXF,PAT,CDT,CLK,DEX, CSL,CMX,AI,WPG,WMF,EMF,CGM,SVG,SVGZ, PCT, FMV, GEM, CMX<br \/>\nSoftware compat\u00edvel: RDdraw, LaserCAD (inclu\u00eddo), CorelDraw, AutoCAD (n\u00e3o inclu\u00eddo)<br \/>\nEspessura de corte: 0 \u2013 10mm (depende de diferentes materiais)<br \/>\nCores Separa\u00e7\u00e3o de tons: at\u00e9 256 cores<br \/>\nGrava\u00e7\u00e3o obl\u00edqua: a inclina\u00e7\u00e3o pode ser projetada a seu crit\u00e9rio<br \/>\nPeso l\u00edquido: 75kg<\/p>\n","protected":false},"excerpt":{"rendered":"<p>Descri\u00e7\u00e3o Especifica\u00e7\u00f5es t\u00e9cnicas: Certifica\u00e7\u00e3o: CE, FDA Pot\u00eancia do laser: 50 watts Voltagem: 220-240V Tipo de laser: tubo de laser de vidro CO2 selado 880mm \u00c1rea de trabalho: 500mm x 300mm Velocidade m\u00e1xima de movimento: 500mm\/s Plataformas de grava\u00e7\u00e3o dupla: plataforma de corte em favo de mel e faca de alum\u00ednio Faixa de eleva\u00e7\u00e3o da plataforma [&hellip;]<\/p>\n","protected":false},"featured_media":81105,"template":"","meta":[],"product_brand":[],"product_cat":[1627],"product_tag":[],"class_list":{"0":"post-81101","1":"product","2":"type-product","3":"status-publish","4":"has-post-thumbnail","6":"product_cat-maquinas","8":"first","9":"instock","10":"taxable","11":"shipping-taxable","12":"purchasable","13":"product-type-simple"},"_links":{"self":[{"href":"https:\/\/www.maquinaspublicidade.pt\/index.php?rest_route=\/wp\/v2\/product\/81101","targetHints":{"allow":["GET"]}}],"collection":[{"href":"https:\/\/www.maquinaspublicidade.pt\/index.php?rest_route=\/wp\/v2\/product"}],"about":[{"href":"https:\/\/www.maquinaspublicidade.pt\/index.php?rest_route=\/wp\/v2\/types\/product"}],"version-history":[{"count":0,"href":"https:\/\/www.maquinaspublicidade.pt\/index.php?rest_route=\/wp\/v2\/product\/81101\/revisions"}],"wp:featuredmedia":[{"embeddable":true,"href":"https:\/\/www.maquinaspublicidade.pt\/index.php?rest_route=\/wp\/v2\/media\/81105"}],"wp:attachment":[{"href":"https:\/\/www.maquinaspublicidade.pt\/index.php?rest_route=%2Fwp%2Fv2%2Fmedia&parent=81101"}],"wp:term":[{"taxonomy":"product_brand","embeddable":true,"href":"https:\/\/www.maquinaspublicidade.pt\/index.php?rest_route=%2Fwp%2Fv2%2Fproduct_brand&post=81101"},{"taxonomy":"product_cat","embeddable":true,"href":"https:\/\/www.maquinaspublicidade.pt\/index.php?rest_route=%2Fwp%2Fv2%2Fproduct_cat&post=81101"},{"taxonomy":"product_tag","embeddable":true,"href":"https:\/\/www.maquinaspublicidade.pt\/index.php?rest_route=%2Fwp%2Fv2%2Fproduct_tag&post=81101"}],"curies":[{"name":"wp","href":"https:\/\/api.w.org\/{rel}","templated":true}]}}