{"id":61703,"date":"2022-02-03T02:27:09","date_gmt":"2022-02-03T02:27:09","guid":{"rendered":"http:\/\/www.maquinaspublicidade.pt\/?post_type=product&#038;p=61703"},"modified":"2022-10-02T16:09:06","modified_gmt":"2022-10-02T16:09:06","slug":"tinta-uv-flex-1l","status":"publish","type":"product","link":"https:\/\/www.maquinaspublicidade.pt\/?product=tinta-uv-flex-1l","title":{"rendered":"TINTA UV Flex. 1L"},"content":{"rendered":"<p>Tinta uv para cabe\u00e7as de impress\u00e3o Epson.<\/p>\n<p>Esta \u00e9 uma tinta flex para uma melhor ader\u00eancia e elasticidade em objetos flex\u00edveis, podendo ser utilizada em objetos rijos tamb\u00e9m.<\/p>\n<p>&nbsp;<\/p>\n","protected":false},"excerpt":{"rendered":"<p>Tinta uv para cabe\u00e7as de impress\u00e3o Epson. Esta \u00e9 uma tinta flex para uma melhor ader\u00eancia e elasticidade em objetos flex\u00edveis, podendo ser utilizada em objetos rijos tamb\u00e9m. &nbsp;<\/p>\n","protected":false},"featured_media":61704,"template":"","meta":[],"product_brand":[],"product_cat":[12748],"product_tag":[],"class_list":{"0":"post-61703","1":"product","2":"type-product","3":"status-publish","4":"has-post-thumbnail","6":"product_cat-tintas-uv","8":"first","9":"instock","10":"taxable","11":"shipping-taxable","12":"purchasable","13":"product-type-simple"},"_links":{"self":[{"href":"https:\/\/www.maquinaspublicidade.pt\/index.php?rest_route=\/wp\/v2\/product\/61703","targetHints":{"allow":["GET"]}}],"collection":[{"href":"https:\/\/www.maquinaspublicidade.pt\/index.php?rest_route=\/wp\/v2\/product"}],"about":[{"href":"https:\/\/www.maquinaspublicidade.pt\/index.php?rest_route=\/wp\/v2\/types\/product"}],"version-history":[{"count":0,"href":"https:\/\/www.maquinaspublicidade.pt\/index.php?rest_route=\/wp\/v2\/product\/61703\/revisions"}],"wp:featuredmedia":[{"embeddable":true,"href":"https:\/\/www.maquinaspublicidade.pt\/index.php?rest_route=\/wp\/v2\/media\/61704"}],"wp:attachment":[{"href":"https:\/\/www.maquinaspublicidade.pt\/index.php?rest_route=%2Fwp%2Fv2%2Fmedia&parent=61703"}],"wp:term":[{"taxonomy":"product_brand","embeddable":true,"href":"https:\/\/www.maquinaspublicidade.pt\/index.php?rest_route=%2Fwp%2Fv2%2Fproduct_brand&post=61703"},{"taxonomy":"product_cat","embeddable":true,"href":"https:\/\/www.maquinaspublicidade.pt\/index.php?rest_route=%2Fwp%2Fv2%2Fproduct_cat&post=61703"},{"taxonomy":"product_tag","embeddable":true,"href":"https:\/\/www.maquinaspublicidade.pt\/index.php?rest_route=%2Fwp%2Fv2%2Fproduct_tag&post=61703"}],"curies":[{"name":"wp","href":"https:\/\/api.w.org\/{rel}","templated":true}]}}