{"id":439,"date":"2021-01-07T21:48:41","date_gmt":"2021-01-07T21:48:41","guid":{"rendered":"http:\/\/www.maquinaspublicidade.pt\/?post_type=product&#038;p=439"},"modified":"2021-02-09T09:09:15","modified_gmt":"2021-02-09T09:09:15","slug":"extrator-de-fumos-purificador","status":"publish","type":"product","link":"https:\/\/www.maquinaspublicidade.pt\/?product=extrator-de-fumos-purificador","title":{"rendered":"Extrator de fumos &#8211; Purificador"},"content":{"rendered":"<p>Altamente eficiente gra\u00e7as \u00e0s bolas de carv\u00e3o ativado<\/p>\n<p>\u2022 Dois bra\u00e7os de suc\u00e7\u00e3o ajust\u00e1veis \u200b\u200binclu\u00eddos com ilumina\u00e7\u00e3o LED<br \/>\n\u2022 Filtra 97% das part\u00edculas maiores que 0,3\u03bcm<br \/>\n\u2022 Filtro HEPA inclu\u00eddo<br \/>\n\u2022 port\u00e1til<\/p>\n<p>Dimens\u00f5es Comprimento do tubo: 1,25 m<br \/>\nPeso em kg 8,5<br \/>\nAplica\u00e7\u00e3o \/ Informa\u00e7\u00e3o \/ Caracter\u00edsticas Fluxo de ar 360m3 \/ h<br \/>\nEfici\u00eancia do filtro de 0,3\u03bcm 99,97%.<br \/>\nTens\u00e3o de entrada 230V ~ 50Hz<br \/>\nConsumo 200 W<br \/>\nN\u00edvel de ru\u00eddo &lt;= 55<br \/>\nFiltro HEPA de filtra\u00e7\u00e3o<\/p>\n","protected":false},"excerpt":{"rendered":"<p>Extrator purificador de ar, filtra 97% das part\u00edculas maiores que 0,3\u03bcm, Filtro HEPA inclu\u00eddo<\/p>\n","protected":false},"featured_media":440,"template":"","meta":[],"product_brand":[],"product_cat":[31],"product_tag":[],"class_list":{"0":"post-439","1":"product","2":"type-product","3":"status-publish","4":"has-post-thumbnail","6":"product_cat-laser","8":"first","9":"instock","10":"taxable","11":"shipping-taxable","12":"purchasable","13":"product-type-simple"},"_links":{"self":[{"href":"https:\/\/www.maquinaspublicidade.pt\/index.php?rest_route=\/wp\/v2\/product\/439","targetHints":{"allow":["GET"]}}],"collection":[{"href":"https:\/\/www.maquinaspublicidade.pt\/index.php?rest_route=\/wp\/v2\/product"}],"about":[{"href":"https:\/\/www.maquinaspublicidade.pt\/index.php?rest_route=\/wp\/v2\/types\/product"}],"version-history":[{"count":0,"href":"https:\/\/www.maquinaspublicidade.pt\/index.php?rest_route=\/wp\/v2\/product\/439\/revisions"}],"wp:featuredmedia":[{"embeddable":true,"href":"https:\/\/www.maquinaspublicidade.pt\/index.php?rest_route=\/wp\/v2\/media\/440"}],"wp:attachment":[{"href":"https:\/\/www.maquinaspublicidade.pt\/index.php?rest_route=%2Fwp%2Fv2%2Fmedia&parent=439"}],"wp:term":[{"taxonomy":"product_brand","embeddable":true,"href":"https:\/\/www.maquinaspublicidade.pt\/index.php?rest_route=%2Fwp%2Fv2%2Fproduct_brand&post=439"},{"taxonomy":"product_cat","embeddable":true,"href":"https:\/\/www.maquinaspublicidade.pt\/index.php?rest_route=%2Fwp%2Fv2%2Fproduct_cat&post=439"},{"taxonomy":"product_tag","embeddable":true,"href":"https:\/\/www.maquinaspublicidade.pt\/index.php?rest_route=%2Fwp%2Fv2%2Fproduct_tag&post=439"}],"curies":[{"name":"wp","href":"https:\/\/api.w.org\/{rel}","templated":true}]}}