{"id":433,"date":"2021-01-07T21:39:17","date_gmt":"2021-01-07T21:39:17","guid":{"rendered":"http:\/\/www.maquinaspublicidade.pt\/?post_type=product&#038;p=433"},"modified":"2023-03-10T16:30:32","modified_gmt":"2023-03-10T16:30:32","slug":"impressora-portatil","status":"publish","type":"product","link":"https:\/\/www.maquinaspublicidade.pt\/?product=impressora-portatil","title":{"rendered":"Impressora port\u00e1til"},"content":{"rendered":"<p>Cor preta<br \/>\nTamanho do produto 18 * 13 * 12,6 cm<br \/>\ncapacidade da bateria 2800mAh<br \/>\nVelocidade de trabalho 90 vezes \/ min<br \/>\nOrienta\u00e7\u00e3o de impress\u00e3o codifica\u00e7\u00e3o de jato de tinta de 360 graus<br \/>\nAltura de impress\u00e3o 2 mm-12,7 mm (ajust\u00e1vel)<br \/>\nDist\u00e2ncia de impress\u00e3o 2mm-5mm<br \/>\nPrecis\u00e3o de impress\u00e3o 600DPI<br \/>\nCapacidade do cartucho 42ml<br \/>\nTela Touch screen<br \/>\nSalvar informa\u00e7\u00f5es Armazenamento local ou disco U<br \/>\npeso 0,9 kg<\/p>\n<p>Descri\u00e7\u00e3o:<br \/>\nImpressora inteligente a jato de tinta port\u00e1til, marcador de data, lote, validade, c\u00f3digo de barras ou QR, numeros de serie, etc.<br \/>\nServe para todos os tipos de vasilhames, desde sacos ou embalagens vazias ou cheias, caixas de cart\u00e3o ou pl\u00e1stico, frascos de metal, vidro ou pl\u00e1sticos, etc.<br \/>\nTinta de secagem instant\u00e2nea.<\/p>\n<p>&nbsp;<\/p>\n<p>Tinteiros HP<\/p>\n","protected":false},"excerpt":{"rendered":"<p>Impressora inteligente a jato de tinta port\u00e1til, marcador de data, lote, validade, c\u00f3digo de barras ou QR, n\u00fameros de serie, etc.<br \/>\nServe para todos os tipos de vasilhames, desde sacos ou embalagens vazias ou cheias, caixas de cart\u00e3o ou pl\u00e1stico, frascos de metal, vidro ou pl\u00e1sticos, etc.<br \/>\nTinta de secagem instant\u00e2nea.<\/p>\n","protected":false},"featured_media":436,"template":"","meta":[],"product_brand":[],"product_cat":[37],"product_tag":[],"class_list":{"0":"post-433","1":"product","2":"type-product","3":"status-publish","4":"has-post-thumbnail","6":"product_cat-impressoras-portateis","8":"first","9":"instock","10":"taxable","11":"shipping-taxable","12":"purchasable","13":"product-type-simple"},"_links":{"self":[{"href":"https:\/\/www.maquinaspublicidade.pt\/index.php?rest_route=\/wp\/v2\/product\/433","targetHints":{"allow":["GET"]}}],"collection":[{"href":"https:\/\/www.maquinaspublicidade.pt\/index.php?rest_route=\/wp\/v2\/product"}],"about":[{"href":"https:\/\/www.maquinaspublicidade.pt\/index.php?rest_route=\/wp\/v2\/types\/product"}],"version-history":[{"count":1,"href":"https:\/\/www.maquinaspublicidade.pt\/index.php?rest_route=\/wp\/v2\/product\/433\/revisions"}],"predecessor-version":[{"id":81258,"href":"https:\/\/www.maquinaspublicidade.pt\/index.php?rest_route=\/wp\/v2\/product\/433\/revisions\/81258"}],"wp:featuredmedia":[{"embeddable":true,"href":"https:\/\/www.maquinaspublicidade.pt\/index.php?rest_route=\/wp\/v2\/media\/436"}],"wp:attachment":[{"href":"https:\/\/www.maquinaspublicidade.pt\/index.php?rest_route=%2Fwp%2Fv2%2Fmedia&parent=433"}],"wp:term":[{"taxonomy":"product_brand","embeddable":true,"href":"https:\/\/www.maquinaspublicidade.pt\/index.php?rest_route=%2Fwp%2Fv2%2Fproduct_brand&post=433"},{"taxonomy":"product_cat","embeddable":true,"href":"https:\/\/www.maquinaspublicidade.pt\/index.php?rest_route=%2Fwp%2Fv2%2Fproduct_cat&post=433"},{"taxonomy":"product_tag","embeddable":true,"href":"https:\/\/www.maquinaspublicidade.pt\/index.php?rest_route=%2Fwp%2Fv2%2Fproduct_tag&post=433"}],"curies":[{"name":"wp","href":"https:\/\/api.w.org\/{rel}","templated":true}]}}