{"id":417,"date":"2021-01-07T21:25:39","date_gmt":"2021-01-07T21:25:39","guid":{"rendered":"http:\/\/www.maquinaspublicidade.pt\/?post_type=product&#038;p=417"},"modified":"2021-01-07T21:33:36","modified_gmt":"2021-01-07T21:33:36","slug":"maquina-dobrar-acrilico-1-2-1-10","status":"publish","type":"product","link":"https:\/\/www.maquinaspublicidade.pt\/?product=maquina-dobrar-acrilico-1-2-1-10","title":{"rendered":"M\u00e1quina Dobrar acr\u00edlico 1.5-1\/6"},"content":{"rendered":"<p>Especifica\u00e7\u00f5es:<\/p>\n<p>Largura m\u00e1xima de dobra: 1250 mm<\/p>\n<p>Pot\u00eancia: 1500W<br \/>\nFonte de alimenta\u00e7\u00e3o: AC 110V-220V<\/p>\n<p>Largura de aquecimento: 30-240 cm<\/p>\n<p>Pico de aquecimento: 250 \u2103<br \/>\nEspessura de aquecimento: 1 mm &#8211; 6 mm<\/p>\n<p>Lista de embalagem:<\/p>\n<p>Tubo de silicone para \u00e1gua * 2<br \/>\nBomba de circula\u00e7\u00e3o de agua * 1<br \/>\nTermostato * 1<br \/>\nCorpo aquecimento * 1<\/p>\n<p>&nbsp;<\/p>\n","protected":false},"excerpt":{"rendered":"<p>Para dobrar acr\u00edlico, plexiglass, PVC, PC, ABS, PP, etc.A espessura aplic\u00e1vel \u00e9 de 1-6 mm.<\/p>\n","protected":false},"featured_media":424,"template":"","meta":[],"product_brand":[],"product_cat":[36],"product_tag":[],"class_list":{"0":"post-417","1":"product","2":"type-product","3":"status-publish","4":"has-post-thumbnail","6":"product_cat-dobrar-acrilico","8":"first","9":"instock","10":"taxable","11":"shipping-taxable","12":"purchasable","13":"product-type-simple"},"_links":{"self":[{"href":"https:\/\/www.maquinaspublicidade.pt\/index.php?rest_route=\/wp\/v2\/product\/417","targetHints":{"allow":["GET"]}}],"collection":[{"href":"https:\/\/www.maquinaspublicidade.pt\/index.php?rest_route=\/wp\/v2\/product"}],"about":[{"href":"https:\/\/www.maquinaspublicidade.pt\/index.php?rest_route=\/wp\/v2\/types\/product"}],"version-history":[{"count":0,"href":"https:\/\/www.maquinaspublicidade.pt\/index.php?rest_route=\/wp\/v2\/product\/417\/revisions"}],"wp:featuredmedia":[{"embeddable":true,"href":"https:\/\/www.maquinaspublicidade.pt\/index.php?rest_route=\/wp\/v2\/media\/424"}],"wp:attachment":[{"href":"https:\/\/www.maquinaspublicidade.pt\/index.php?rest_route=%2Fwp%2Fv2%2Fmedia&parent=417"}],"wp:term":[{"taxonomy":"product_brand","embeddable":true,"href":"https:\/\/www.maquinaspublicidade.pt\/index.php?rest_route=%2Fwp%2Fv2%2Fproduct_brand&post=417"},{"taxonomy":"product_cat","embeddable":true,"href":"https:\/\/www.maquinaspublicidade.pt\/index.php?rest_route=%2Fwp%2Fv2%2Fproduct_cat&post=417"},{"taxonomy":"product_tag","embeddable":true,"href":"https:\/\/www.maquinaspublicidade.pt\/index.php?rest_route=%2Fwp%2Fv2%2Fproduct_tag&post=417"}],"curies":[{"name":"wp","href":"https:\/\/api.w.org\/{rel}","templated":true}]}}