{"id":392,"date":"2020-11-05T21:50:43","date_gmt":"2020-11-05T21:50:43","guid":{"rendered":"http:\/\/www.maquinaspublicidade.pt\/?post_type=product&#038;p=392"},"modified":"2021-09-28T13:05:28","modified_gmt":"2021-09-28T13:05:28","slug":"laser-150w","status":"publish","type":"product","link":"https:\/\/www.maquinaspublicidade.pt\/?product=laser-150w","title":{"rendered":"Laser 150w"},"content":{"rendered":"<p>POT\u00caNCIA M\u00c1XIMA DO LASER 150 W 183<br \/>\n\u00c1REA DE CORTE 1800&#215;3000 mm<br \/>\nDIMENS\u00d5ES 4000x2200x1700 mm<br \/>\nVELOCIDADE DE CORTE 0 &#8211; 36.000 mm \/ min<br \/>\nPRECIS\u00c3O DE POSICIONAMENTO \u00b1 0,1 mm<br \/>\nTENS\u00c3O 230V<br \/>\nPODER 3000W<br \/>\nTEMPERATURA DE TRABALHO 0-40 \u2103<br \/>\nUMIDADE DURANTE O TRABALHO 5-95%<br \/>\nSISTEMA OPERACIONAL Windows 95, 98, 2000, XP, Vista, 7, 8, 10 (32\/64 bits)<br \/>\nFORMATOS DE ARQUIVO DE ENTRADA PLT, AI, DST, DXF, BMP<br \/>\nSOFTWARE COMPAT\u00cdVEL CorelDraw AutoCAD Photoshop<br \/>\nTIPO DE CONDU\u00c7\u00c3O Motores de passo<br \/>\nRESFRIAMENTO DA CABE\u00c7A \u00c1gua<br \/>\nREFRIGERA\u00c7\u00c3O DE MATERIAL ar, g\u00e1s<\/p>\n","protected":false},"excerpt":{"rendered":"<p>POT\u00caNCIA M\u00c1XIMA DO LASER 150 W (opcional 60 W, 80 W, 100 W, 150 W)<br \/>\n\u00c1REA DE CORTE 1800&#215;3000 mm<\/p>\n<p>ACRESCE IVA<\/p>\n<p>INSTALA\u00c7\u00c3O GRATU\u00cdTA E FORMA\u00c7\u00c3O BASE<\/p>\n","protected":false},"featured_media":393,"template":"","meta":[],"product_brand":[],"product_cat":[1627],"product_tag":[],"class_list":{"0":"post-392","1":"product","2":"type-product","3":"status-publish","4":"has-post-thumbnail","6":"product_cat-maquinas","8":"first","9":"instock","10":"taxable","11":"shipping-taxable","12":"purchasable","13":"product-type-simple"},"_links":{"self":[{"href":"https:\/\/www.maquinaspublicidade.pt\/index.php?rest_route=\/wp\/v2\/product\/392","targetHints":{"allow":["GET"]}}],"collection":[{"href":"https:\/\/www.maquinaspublicidade.pt\/index.php?rest_route=\/wp\/v2\/product"}],"about":[{"href":"https:\/\/www.maquinaspublicidade.pt\/index.php?rest_route=\/wp\/v2\/types\/product"}],"version-history":[{"count":0,"href":"https:\/\/www.maquinaspublicidade.pt\/index.php?rest_route=\/wp\/v2\/product\/392\/revisions"}],"wp:featuredmedia":[{"embeddable":true,"href":"https:\/\/www.maquinaspublicidade.pt\/index.php?rest_route=\/wp\/v2\/media\/393"}],"wp:attachment":[{"href":"https:\/\/www.maquinaspublicidade.pt\/index.php?rest_route=%2Fwp%2Fv2%2Fmedia&parent=392"}],"wp:term":[{"taxonomy":"product_brand","embeddable":true,"href":"https:\/\/www.maquinaspublicidade.pt\/index.php?rest_route=%2Fwp%2Fv2%2Fproduct_brand&post=392"},{"taxonomy":"product_cat","embeddable":true,"href":"https:\/\/www.maquinaspublicidade.pt\/index.php?rest_route=%2Fwp%2Fv2%2Fproduct_cat&post=392"},{"taxonomy":"product_tag","embeddable":true,"href":"https:\/\/www.maquinaspublicidade.pt\/index.php?rest_route=%2Fwp%2Fv2%2Fproduct_tag&post=392"}],"curies":[{"name":"wp","href":"https:\/\/api.w.org\/{rel}","templated":true}]}}