{"id":386,"date":"2020-10-27T21:58:31","date_gmt":"2020-10-27T21:58:31","guid":{"rendered":"http:\/\/www.maquinaspublicidade.pt\/?post_type=product&#038;p=386"},"modified":"2021-09-23T13:48:12","modified_gmt":"2021-09-23T13:48:12","slug":"laser-130w-3-16","status":"publish","type":"product","link":"https:\/\/www.maquinaspublicidade.pt\/?product=laser-130w-3-16","title":{"rendered":"Laser 130w 3.16"},"content":{"rendered":"<p>POT\u00caNCIA M\u00c1XIMA DO LASER 130 W (opcional 60 W, 80 W, 100 W, 150 W)<br \/>\n\u00c1REA DE CORTE 1300&#215;2500 mm<br \/>\nDIMENS\u00d5ES 3000x1600x990 mm<br \/>\nVELOCIDADE DE CORTE 0 &#8211; 24.000 mm \/ min<br \/>\nPRECIS\u00c3O DE POSICIONAMENTO \u00b1 0,1 mm<br \/>\nTENS\u00c3O 230V<br \/>\nPODER 1500W<br \/>\nTEMPERATURA DE TRABALHO 0-45 \u2103<br \/>\nUMIDADE DURANTE O TRABALHO 5-95%<br \/>\nSISTEMA OPERACIONAL Windows 95, 98, 2000, XP, Vista, 7, 8, 10 (32\/64 bits)<br \/>\nFORMATOS DE ARQUIVO DE ENTRADA PLT, AI, DST, DXF, BMP<br \/>\nSOFTWARE COMPAT\u00cdVEL CorelDraw AutoCAD Photoshop<br \/>\nTIPO DE CONDU\u00c7\u00c3O Motores de passo<br \/>\nRESFRIAMENTO DA CABE\u00c7A \u00c1gua<br \/>\nREFRIGERA\u00c7\u00c3O DE MATERIAL ar, g\u00e1s<\/p>\n","protected":false},"excerpt":{"rendered":"<p>POT\u00caNCIA M\u00c1XIMA DO LASER 130 W (opcional 60 W, 80 W, 100 W, 150 W)<br \/>\n\u00c1REA DE CORTE 1300&#215;2500 mm<\/p>\n<p>ACRESCE IVA<\/p>\n","protected":false},"featured_media":388,"template":"","meta":[],"product_brand":[],"product_cat":[1627],"product_tag":[],"class_list":{"0":"post-386","1":"product","2":"type-product","3":"status-publish","4":"has-post-thumbnail","6":"product_cat-maquinas","8":"first","9":"instock","10":"taxable","11":"shipping-taxable","12":"purchasable","13":"product-type-simple"},"_links":{"self":[{"href":"https:\/\/www.maquinaspublicidade.pt\/index.php?rest_route=\/wp\/v2\/product\/386","targetHints":{"allow":["GET"]}}],"collection":[{"href":"https:\/\/www.maquinaspublicidade.pt\/index.php?rest_route=\/wp\/v2\/product"}],"about":[{"href":"https:\/\/www.maquinaspublicidade.pt\/index.php?rest_route=\/wp\/v2\/types\/product"}],"version-history":[{"count":0,"href":"https:\/\/www.maquinaspublicidade.pt\/index.php?rest_route=\/wp\/v2\/product\/386\/revisions"}],"wp:featuredmedia":[{"embeddable":true,"href":"https:\/\/www.maquinaspublicidade.pt\/index.php?rest_route=\/wp\/v2\/media\/388"}],"wp:attachment":[{"href":"https:\/\/www.maquinaspublicidade.pt\/index.php?rest_route=%2Fwp%2Fv2%2Fmedia&parent=386"}],"wp:term":[{"taxonomy":"product_brand","embeddable":true,"href":"https:\/\/www.maquinaspublicidade.pt\/index.php?rest_route=%2Fwp%2Fv2%2Fproduct_brand&post=386"},{"taxonomy":"product_cat","embeddable":true,"href":"https:\/\/www.maquinaspublicidade.pt\/index.php?rest_route=%2Fwp%2Fv2%2Fproduct_cat&post=386"},{"taxonomy":"product_tag","embeddable":true,"href":"https:\/\/www.maquinaspublicidade.pt\/index.php?rest_route=%2Fwp%2Fv2%2Fproduct_tag&post=386"}],"curies":[{"name":"wp","href":"https:\/\/api.w.org\/{rel}","templated":true}]}}