{"id":381,"date":"2020-10-27T21:53:56","date_gmt":"2020-10-27T21:53:56","guid":{"rendered":"http:\/\/www.maquinaspublicidade.pt\/?post_type=product&#038;p=381"},"modified":"2022-02-22T01:23:48","modified_gmt":"2022-02-22T01:23:48","slug":"laser-130w-2","status":"publish","type":"product","link":"https:\/\/www.maquinaspublicidade.pt\/?product=laser-130w-2","title":{"rendered":"MAQUINA LASER CO2 1612"},"content":{"rendered":"<p>TIPO DE LASER CO 2<br \/>\nPOT\u00caNCIA M\u00c1XIMA DO LASER 130 W (op\u00e7\u00e3o: 80 W, 100 W, 150 W)<br \/>\n\u00c1REA M\u00c1XIMA DE TRABALHO 1600 x 1200 mm<br \/>\nPRECIS\u00c3O DE POSICIONAMENTO \u00b1 0,01 mm<br \/>\nRESOLU\u00c7\u00c3O MEC\u00c2NICA 0,0254 mm<br \/>\nCONSUMO M\u00c1XIMO DE ENERGIA 1000 watts<br \/>\nUMIDADE DURANTE O TRABALHO 5-95%<br \/>\nTEMPERATURA DE TRABALHO 15 &#8211; 45 \u2103<br \/>\nSistema operacional Windows 95, 98, 2000, XP, Vista, 7, 8, 10 (32\/64 bits)<br \/>\nFormatos de arquivo de entrada PLT, AI, DST, DXF, BMP<br \/>\nSoftware compat\u00edvel CorelDraw AutoCAD Photoshop<br \/>\nTipo de drive motores de passo<br \/>\nComunica\u00e7\u00e3o USB<br \/>\nResfriamento de cabe\u00e7a \u00e1gua<br \/>\nResfriamento de material ar<br \/>\nDimens\u00f5es 2200 x 1800 x 1020 mm<br \/>\nPeso 500 kg<\/p>\n","protected":false},"excerpt":{"rendered":"<p><strong>OFERTA:<\/strong><\/p>\n<ul>\n<li>CHILLER CW3000<\/li>\n<li>TRANSPORTE<\/li>\n<li>INSTALA\u00c7\u00c3O<\/li>\n<li>FORMA\u00c7\u00c3O BASICA DE INICIA\u00c7\u00c3O<\/li>\n<li>PACK VETORES<\/li>\n<\/ul>\n<p>&nbsp;<\/p>\n","protected":false},"featured_media":384,"template":"","meta":[],"product_brand":[],"product_cat":[1627],"product_tag":[],"class_list":{"0":"post-381","1":"product","2":"type-product","3":"status-publish","4":"has-post-thumbnail","6":"product_cat-maquinas","8":"first","9":"instock","10":"downloadable","11":"taxable","12":"shipping-taxable","13":"purchasable","14":"product-type-simple"},"_links":{"self":[{"href":"https:\/\/www.maquinaspublicidade.pt\/index.php?rest_route=\/wp\/v2\/product\/381","targetHints":{"allow":["GET"]}}],"collection":[{"href":"https:\/\/www.maquinaspublicidade.pt\/index.php?rest_route=\/wp\/v2\/product"}],"about":[{"href":"https:\/\/www.maquinaspublicidade.pt\/index.php?rest_route=\/wp\/v2\/types\/product"}],"version-history":[{"count":0,"href":"https:\/\/www.maquinaspublicidade.pt\/index.php?rest_route=\/wp\/v2\/product\/381\/revisions"}],"wp:featuredmedia":[{"embeddable":true,"href":"https:\/\/www.maquinaspublicidade.pt\/index.php?rest_route=\/wp\/v2\/media\/384"}],"wp:attachment":[{"href":"https:\/\/www.maquinaspublicidade.pt\/index.php?rest_route=%2Fwp%2Fv2%2Fmedia&parent=381"}],"wp:term":[{"taxonomy":"product_brand","embeddable":true,"href":"https:\/\/www.maquinaspublicidade.pt\/index.php?rest_route=%2Fwp%2Fv2%2Fproduct_brand&post=381"},{"taxonomy":"product_cat","embeddable":true,"href":"https:\/\/www.maquinaspublicidade.pt\/index.php?rest_route=%2Fwp%2Fv2%2Fproduct_cat&post=381"},{"taxonomy":"product_tag","embeddable":true,"href":"https:\/\/www.maquinaspublicidade.pt\/index.php?rest_route=%2Fwp%2Fv2%2Fproduct_tag&post=381"}],"curies":[{"name":"wp","href":"https:\/\/api.w.org\/{rel}","templated":true}]}}