{"id":362,"date":"2020-09-24T21:12:40","date_gmt":"2020-09-24T21:12:40","guid":{"rendered":"http:\/\/www.maquinaspublicidade.pt\/?post_type=product&#038;p=362"},"modified":"2020-09-25T21:17:37","modified_gmt":"2020-09-25T21:17:37","slug":"kit-plotter-prensa","status":"publish","type":"product","link":"https:\/\/www.maquinaspublicidade.pt\/?product=kit-plotter-prensa","title":{"rendered":"Kit Plotter + Prensa"},"content":{"rendered":"<div class=\"j83agx80 jwdofwj8 pby63qed\" data-testid=\"incoming_group\">\n<div class=\"rj1gh0hx buofh1pr hpfvmrgz\">\n<div role=\"row\">\n<div class=\"\" data-testid=\"Keycommand_wrapper\">\n<div class=\"j83agx80 cbu4d94t\">\n<div class=\"j83agx80\">\n<div class=\"jn8vp64t l9j0dhe7 hpfvmrgz lzcic4wl\" tabindex=\"0\" role=\"gridcell\" data-scope=\"messages_table\">\n<div class=\"ni8dbmo4 stjgntxs g5ia77u1 ii04i59q\" data-testid=\"messenger_incoming_text_row\">\n<div class=\"l60d2q6s d1544ag0 sj5x9vvc tw6a2znq l9j0dhe7 ni8dbmo4 stjgntxs qlfml3jp inkptoze e72ty7fz qmr60zad jm1wdb64 qv66sw1b ljqsnud1 g6srhlxm\">\n<div class=\"oo9gr5id\" dir=\"auto\">\n<div class=\"kvgmc6g5 cxmmr5t8 oygrvhab hcukyx3x c1et5uql\">Especifica\u00e7\u00f5es<\/div>\n<div class=\"o9v6fnle cxmmr5t8 oygrvhab hcukyx3x c1et5uql\">Faixa de temperatura: (93 &#8211; 254\u00baC) Controle do temporizador: 0 &#8211; 999 segundos Altura ajust\u00e1vel: 13 1\/2 &#8220;a 17&#8221; Pot\u00eancia: 1250W Entrada de energia: 220V Prensa de impress\u00e3o (revestida com teflon): (38X30cm) Hat \/ Cap Press: 6 &#8220;x 3&#8221; (curvado) Mug Press: 3 &#8220;-3,5&#8243; de di\u00e2metro (11OZ) Prensa de placa # 1: di\u00e2metro m\u00e1ximo de 5 &#8221; Prensa de placa # 2: di\u00e2metro m\u00e1ximo de 6 &#8221; M\u00e1quina de corte de vinil de 28 polegadas com software Signmaster<\/div>\n<div class=\"o9v6fnle cxmmr5t8 oygrvhab hcukyx3x c1et5uql\">Tens\u00e3o: 220 V CA, 50 Hz Tipos de l\u00e2mina: Padr\u00e3o, compat\u00edvel com Roland, di\u00e2metro de 2 mm Software: Signmaster Tipo de motor: motor de passo Interface: porta USB Alimenta\u00e7\u00e3o m\u00e1xima de papel: 720 mm (28,3 polegadas) Largura m\u00e1xima do cortador: 630 mm (24,8 polegadas) Press\u00e3o do cortador: 10-500g Velocidade de corte: 10-800 mm por segundo N\u00famero de rolos de press\u00e3o: 3 Mem\u00f3ria: 128K-2M Posicionamento: Manual Precis\u00e3o de repeti\u00e7\u00e3o: 0,0004 &#8220;(0,01 mm) Sistema: PC com processador Pentium ou computador compat\u00edvel (Windows), Windows XP \/ Vista \/ 7\/8\/10 (32 e 64) Peso bruto: (19 kg) Dimens\u00f5es do pacote (C x L x A):95 x 34 x 42 cm<\/div>\n<\/div>\n<\/div>\n<\/div>\n<\/div>\n<div class=\"pfnyh3mw ewlkfwdl bp9cbjyn j83agx80 qnrpqo6b\">\n<div class=\"\" data-testid=\"Keycommand_wrapper\">\n<div class=\"lzcic4wl\" tabindex=\"0\" role=\"gridcell\" data-scope=\"messages_table\">\n<div class=\"oajrlxb2 gs1a9yip g5ia77u1 mtkw9kbi tlpljxtp qensuy8j ppp5ayq2 goun2846 ccm00jje s44p3ltw mk2mc5f4 rt8b4zig n8ej3o3l agehan2d sk4xxmp2 rq0escxv nhd2j8a9 j83agx80 mg4g778l btwxx1t3 pfnyh3mw p7hjln8o kvgmc6g5 cxmmr5t8 oygrvhab hcukyx3x tgvbjcpo hpfvmrgz jb3vyjys rz4wbd8a qt6c0cv9 a8nywdso l9j0dhe7 i1ao9s8h esuyzwwr f1sip0of du4w35lb lzcic4wl abiwlrkh p8dawk7l mkd47r93 rgmg9uty\" tabindex=\"-1\" role=\"button\" aria-expanded=\"false\" aria-haspopup=\"menu\" aria-label=\"A\u00e7\u00f5es de mensagem\">\n<div class=\"n00je7tq arfg74bv qs9ysxi8 k77z8yql i09qtzwb n7fi1qx3 b5wmifdl hzruof5a pmk7jnqg j9ispegn kr520xx4 c5ndavph art1omkt ot9fgl3s\" data-visualcompletion=\"ignore\"><\/div>\n<\/div>\n<\/div>\n<\/div>\n<\/div>\n<div class=\"h9e7qa53 rj1gh0hx buofh1pr\"><\/div>\n<div id=\"jsc_c_1ff\" class=\"j83agx80 aovydwv3 rl25f0pe iyic8zgw\" data-testid=\"messenger_delivery_status\">\n<div class=\"pfnyh3mw pgctjfs5\"><\/div>\n<\/div>\n<\/div>\n<\/div>\n<\/div>\n<\/div>\n<\/div>\n<\/div>\n<div class=\"j83agx80 jwdofwj8 pby63qed\" data-testid=\"incoming_group\">\n<div class=\"rj1gh0hx buofh1pr hpfvmrgz\">\n<div role=\"row\">\n<div class=\"\" data-testid=\"Keycommand_wrapper\">\n<div class=\"j83agx80 cbu4d94t\">\n<div class=\"j83agx80\">\n<div class=\"jn8vp64t l9j0dhe7 hpfvmrgz lzcic4wl\" tabindex=\"0\" role=\"gridcell\" data-scope=\"messages_table\">\n<div class=\"ni8dbmo4 stjgntxs g5ia77u1 ii04i59q\" data-testid=\"messenger_incoming_text_row\">\n<div class=\"l60d2q6s d1544ag0 sj5x9vvc tw6a2znq l9j0dhe7 ni8dbmo4 stjgntxs qlfml3jp inkptoze e72ty7fz qmr60zad jm1wdb64 qv66sw1b ljqsnud1 g6srhlxm\">\n<div class=\"oo9gr5id\" dir=\"auto\">\n<div class=\"kvgmc6g5 cxmmr5t8 oygrvhab hcukyx3x c1et5uql\">Conte\u00fado do pacote M\u00e1quina de prensa t\u00e9rmica de 5 em 1 (30 x 38 cm)<\/div>\n<div class=\"o9v6fnle cxmmr5t8 oygrvhab hcukyx3x c1et5uql\">1 x m\u00e1quina totalmente montada com prensa de cilindro 1 x Hat Press 1 x prensas de caneca 2 x prensas de placa 1 x almofada de silicone remov\u00edvel e almofada de algod\u00e3o 1 x chave inglesa e chave de fenda 1 x manual de opera\u00e7\u00e3o T-shirts, copos e chap\u00e9us N\u00c3O Inclu\u00eddos Plotter de vinil profissional de 71cm &#8220;com suporte<\/div>\n<div class=\"o9v6fnle cxmmr5t8 oygrvhab hcukyx3x c1et5uql\">M\u00e1quina de plotter de cortador de vinil de 1 x 71 cm 1 x software SIGNMASTER 1 x suporte de l\u00e2minas 3 x l\u00e2minas 1 x porta-canetas 1 x cabo USB 1 x cabo serial 1 x cabo de alimenta\u00e7\u00e3o 1 x driver USB 1 x manual do usu\u00e1rio<\/div>\n<\/div>\n<\/div>\n<\/div>\n<\/div>\n<\/div>\n<\/div>\n<\/div>\n<\/div>\n<\/div>\n<\/div>\n","protected":false},"excerpt":{"rendered":"<p>Acresce IVA \u00e0 taxa legal em vigor<\/p>\n","protected":false},"featured_media":367,"template":"","meta":[],"product_brand":[],"product_cat":[34,32],"product_tag":[],"class_list":{"0":"post-362","1":"product","2":"type-product","3":"status-publish","4":"has-post-thumbnail","6":"product_cat-plotters-de-corte","7":"product_cat-prensas-2","9":"first","10":"instock","11":"taxable","12":"shipping-taxable","13":"purchasable","14":"product-type-simple"},"_links":{"self":[{"href":"https:\/\/www.maquinaspublicidade.pt\/index.php?rest_route=\/wp\/v2\/product\/362","targetHints":{"allow":["GET"]}}],"collection":[{"href":"https:\/\/www.maquinaspublicidade.pt\/index.php?rest_route=\/wp\/v2\/product"}],"about":[{"href":"https:\/\/www.maquinaspublicidade.pt\/index.php?rest_route=\/wp\/v2\/types\/product"}],"version-history":[{"count":0,"href":"https:\/\/www.maquinaspublicidade.pt\/index.php?rest_route=\/wp\/v2\/product\/362\/revisions"}],"wp:featuredmedia":[{"embeddable":true,"href":"https:\/\/www.maquinaspublicidade.pt\/index.php?rest_route=\/wp\/v2\/media\/367"}],"wp:attachment":[{"href":"https:\/\/www.maquinaspublicidade.pt\/index.php?rest_route=%2Fwp%2Fv2%2Fmedia&parent=362"}],"wp:term":[{"taxonomy":"product_brand","embeddable":true,"href":"https:\/\/www.maquinaspublicidade.pt\/index.php?rest_route=%2Fwp%2Fv2%2Fproduct_brand&post=362"},{"taxonomy":"product_cat","embeddable":true,"href":"https:\/\/www.maquinaspublicidade.pt\/index.php?rest_route=%2Fwp%2Fv2%2Fproduct_cat&post=362"},{"taxonomy":"product_tag","embeddable":true,"href":"https:\/\/www.maquinaspublicidade.pt\/index.php?rest_route=%2Fwp%2Fv2%2Fproduct_tag&post=362"}],"curies":[{"name":"wp","href":"https:\/\/api.w.org\/{rel}","templated":true}]}}