{"id":329,"date":"2020-09-21T21:28:07","date_gmt":"2020-09-21T21:28:07","guid":{"rendered":"http:\/\/www.maquinaspublicidade.pt\/?post_type=product&#038;p=329"},"modified":"2020-09-23T21:04:28","modified_gmt":"2020-09-23T21:04:28","slug":"impressora-3d-industrial","status":"publish","type":"product","link":"https:\/\/www.maquinaspublicidade.pt\/?product=impressora-3d-industrial","title":{"rendered":"Impressora 3D industrial"},"content":{"rendered":"<p>A D600 Pro \u00e9 uma impressora industrial de alta temperatura 3D com uma qualidade de produ\u00e7\u00e3o muito alta e um espa\u00e7o de instala\u00e7\u00e3o aquecido enormemente grande (60 x 60 x 60 cm). A estrutura toda em metal oferece um funcionamento suave, orienta\u00e7\u00e3o linear precisa da extrusora e uma enorme redu\u00e7\u00e3o de ru\u00eddo. Controle a impressora 3D de maneira conveniente e intuitiva atrav\u00e9s da tela de toque, uma plataforma de constru\u00e7\u00e3o aquecida e uma c\u00e2mara de secagem de filamentos aquecidos para obter resultados de produ\u00e7\u00e3o confi\u00e1veis.<\/p>\n<p>&nbsp;<\/p>\n<div class=\"o9v6fnle cxmmr5t8 oygrvhab hcukyx3x c1et5uql\">IMPRESS\u00c3O<\/div>\n<div class=\"o9v6fnle cxmmr5t8 oygrvhab hcukyx3x c1et5uql\">Tecnologia de impress\u00e3o: modelagem de deposi\u00e7\u00e3o fundida Volume de constru\u00e7\u00e3o: 600 * 600 * 600 mm N\u00famero de bicos: duplo Resolu\u00e7\u00e3o: 0,05 mm Resolu\u00e7\u00e3o da camada: 0,05 mm Di\u00e2metro do filamento: 1,75 mm Compatibilidade de filamentos: PLA, ABS, fibra de carbono, madeira, nylon, PC, PTEG, HIPS, PP, flex\u00edvel, TPU, PVA etc. Di\u00e2metro do bico: 0,4 mm (0,3, 0,5, 0,6, 0,8, 1,0 mm) Tipo de arquivo de impress\u00e3o: GCO, GCODE<\/div>\n<div class=\"o9v6fnle cxmmr5t8 oygrvhab hcukyx3x c1et5uql\">TEMPERATURA<\/div>\n<div class=\"o9v6fnle cxmmr5t8 oygrvhab hcukyx3x c1et5uql\">Temperatura ambiente: 15-32 \u00b0 C. Temperatura m\u00e1xima do bico: 420 \u00b0 C. Temperatura m\u00e1xima da cama: 100 \u00b0 C. Temperatura m\u00e1xima da c\u00e2mara: 70 \u00b0 C D600 Pro Temperatura de secagem do filamento: 45 \u00b0 C \/ 65 \u00b0 C D600 Pro<\/div>\n<div class=\"o9v6fnle cxmmr5t8 oygrvhab hcukyx3x c1et5uql\">RAPIDEZ<\/div>\n<div class=\"o9v6fnle cxmmr5t8 oygrvhab hcukyx3x c1et5uql\">Melhor velocidade de impress\u00e3o: 45 mm \/ s Velocidade m\u00e1xima de impress\u00e3o: 120 mm \/ s Velocidade m\u00e1xima de condu\u00e7\u00e3o: 200 mm \/ s<\/div>\n<div class=\"o9v6fnle cxmmr5t8 oygrvhab hcukyx3x c1et5uql\">MECANICAMENTE<\/div>\n<div class=\"o9v6fnle cxmmr5t8 oygrvhab hcukyx3x c1et5uql\">Constru\u00e7\u00e3o: A\u00e7o revestido a energia, alum\u00ednio fundido para componentes de movimento, POM Placa de constru\u00e7\u00e3o: vidro temperado Nivelamento da placa de montagem: &#8220;Alinhado na f\u00e1brica, ajuste manualmente D600 Pro autom\u00e1tico &#8221; Extrusora: motor de engrenagem (taxa 1:10) Motores de passo: \u00e2ngulo de passo de 1,8 \u00b0 com 1\/16 de micro passo Precis\u00e3o de posicionamento X Y: 5,08 m\u00edcrons Z Precis\u00e3o de posicionamento: 1,25 m\u00edcrons<\/div>\n<div class=\"o9v6fnle cxmmr5t8 oygrvhab hcukyx3x c1et5uql\">EL\u00c9TRICO<\/div>\n<div class=\"o9v6fnle cxmmr5t8 oygrvhab hcukyx3x c1et5uql\">Requisitos de energia: 100-240 V, 50-60 Hz, 20 Am necess\u00e1rio Pot\u00eancia m\u00e1xima: 4000 W D600 Pro Tela: tela sens\u00edvel ao toque de 4,3 &#8220;com v\u00e1rios idiomas Chip de controle: ATmega 2560 M\u00eddia de armazenamento: cart\u00e3o SD Conectividade: USB<\/div>\n<div class=\"o9v6fnle cxmmr5t8 oygrvhab hcukyx3x c1et5uql\">PROGRAMAS<\/div>\n<div class=\"o9v6fnle cxmmr5t8 oygrvhab hcukyx3x c1et5uql\">Pacote de software: CreatWare multil\u00edngue Tipos de arquivos suportados: STL, OBJ, AMF Sistemas operacionais: Windows (7,8,10), Mac OS X.<\/div>\n<div class=\"o9v6fnle cxmmr5t8 oygrvhab hcukyx3x c1et5uql\">FUN\u00c7\u00c3O ESPECIAL<\/div>\n<div class=\"o9v6fnle cxmmr5t8 oygrvhab hcukyx3x c1et5uql\">Falha restaurada: dados Sava quando o dispositivo est\u00e1 desligado Detec\u00e7\u00e3o de filamento: interrompa a impress\u00e3o quando o filamento \u00e9 usado Desligamento autom\u00e1tico: desligue o dispositivo automaticamente quando a impress\u00e3o estiver conclu\u00edda<\/div>\n<div class=\"o9v6fnle cxmmr5t8 oygrvhab hcukyx3x c1et5uql\">ALTURA PESO<\/div>\n<div class=\"o9v6fnle cxmmr5t8 oygrvhab hcukyx3x c1et5uql\">Dimens\u00f5es e peso do produto: 915 * 845 * 1085 mm 125 kg Tamanho e peso da embalagem: 1000 * 1030 * 1360 mm 190 kg (palete)<\/div>\n","protected":false},"excerpt":{"rendered":"<p>Ao valor apresentado acresce o iva \u00e0 taxa legal em vigor.<\/p>\n","protected":false},"featured_media":330,"template":"","meta":[],"product_brand":[],"product_cat":[29],"product_tag":[],"class_list":{"0":"post-329","1":"product","2":"type-product","3":"status-publish","4":"has-post-thumbnail","6":"product_cat-impressoras-3d","8":"first","9":"instock","10":"taxable","11":"shipping-taxable","12":"purchasable","13":"product-type-simple"},"_links":{"self":[{"href":"https:\/\/www.maquinaspublicidade.pt\/index.php?rest_route=\/wp\/v2\/product\/329","targetHints":{"allow":["GET"]}}],"collection":[{"href":"https:\/\/www.maquinaspublicidade.pt\/index.php?rest_route=\/wp\/v2\/product"}],"about":[{"href":"https:\/\/www.maquinaspublicidade.pt\/index.php?rest_route=\/wp\/v2\/types\/product"}],"version-history":[{"count":0,"href":"https:\/\/www.maquinaspublicidade.pt\/index.php?rest_route=\/wp\/v2\/product\/329\/revisions"}],"wp:featuredmedia":[{"embeddable":true,"href":"https:\/\/www.maquinaspublicidade.pt\/index.php?rest_route=\/wp\/v2\/media\/330"}],"wp:attachment":[{"href":"https:\/\/www.maquinaspublicidade.pt\/index.php?rest_route=%2Fwp%2Fv2%2Fmedia&parent=329"}],"wp:term":[{"taxonomy":"product_brand","embeddable":true,"href":"https:\/\/www.maquinaspublicidade.pt\/index.php?rest_route=%2Fwp%2Fv2%2Fproduct_brand&post=329"},{"taxonomy":"product_cat","embeddable":true,"href":"https:\/\/www.maquinaspublicidade.pt\/index.php?rest_route=%2Fwp%2Fv2%2Fproduct_cat&post=329"},{"taxonomy":"product_tag","embeddable":true,"href":"https:\/\/www.maquinaspublicidade.pt\/index.php?rest_route=%2Fwp%2Fv2%2Fproduct_tag&post=329"}],"curies":[{"name":"wp","href":"https:\/\/api.w.org\/{rel}","templated":true}]}}