{"id":322,"date":"2020-09-21T21:20:03","date_gmt":"2020-09-21T21:20:03","guid":{"rendered":"http:\/\/www.maquinaspublicidade.pt\/?post_type=product&#038;p=322"},"modified":"2022-05-13T09:25:34","modified_gmt":"2022-05-13T09:25:34","slug":"rotary-laser-co2","status":"publish","type":"product","link":"https:\/\/www.maquinaspublicidade.pt\/?product=rotary-laser-co2","title":{"rendered":"Rotary c\/cabe\u00e7ote 80mm"},"content":{"rendered":"<p>Especifica\u00e7\u00f5es:<\/p>\n<p>Tens\u00e3o nominal: 2,07 V DC<br \/>\nResist\u00eancia de fase (20 \u2103) \u200b\u200b1,38 \u00d7 (1 \u00b1 15%) \u03c9 \/ fase<br \/>\nO torque est\u00e1tico m\u00e1ximo: \u2265780mn.M<br \/>\nFrequ\u00eancia ociosa m\u00e1xima: \u22652500pps<br \/>\nFor\u00e7a el\u00e9trica: Ac600v \/ 1ma \/ 1s<br \/>\nIn\u00e9rcia do rotor: 220 g<br \/>\n\u00c2ngulo do passo: 1,8 \u00b0 C \u00b1 0,09 \u00b0<br \/>\nCorrente nominal: corrente cont\u00ednua 1a \/ fase<br \/>\nIndut\u00e2ncia (1 kHz): 30 \u00d7 (1 \u00b1 20%) Mh \/ fase<br \/>\nTorque de reten\u00e7\u00e3o: 320 g.Cm Ref.<br \/>\nFrequ\u00eancia m\u00e1xima de inatividade: \u22651500 pps<br \/>\nResist\u00eancia de isolamento: \u2265 100 m\u03c9 (DC 500 V)<br \/>\nGrau de isolamento: B.<br \/>\nMaterial da polia: H62<br \/>\nForma do dente: Mxl<br \/>\nN\u00famero de dentes Z = 20<br \/>\nInclina\u00e7\u00e3o dos dentes P = 2.032<br \/>\nC\u00edrculo parcial: \u03c612.936<br \/>\nC\u00edrculo externo: \u03c612,428 \u00b1 0,003<br \/>\nDimens\u00f5es do produto: 152 \u00d7 4500 \u00d7 178\u00a0 mm<\/p>\n","protected":false},"excerpt":{"rendered":"<p>Ao valor apresentado acresce o iva \u00e0 taxa legal em vigor.<\/p>\n","protected":false},"featured_media":326,"template":"","meta":[],"product_brand":[],"product_cat":[1739],"product_tag":[],"class_list":{"0":"post-322","1":"product","2":"type-product","3":"status-publish","4":"has-post-thumbnail","6":"product_cat-eixo-rotativo-rotary","8":"first","9":"instock","10":"taxable","11":"shipping-taxable","12":"purchasable","13":"product-type-simple"},"_links":{"self":[{"href":"https:\/\/www.maquinaspublicidade.pt\/index.php?rest_route=\/wp\/v2\/product\/322","targetHints":{"allow":["GET"]}}],"collection":[{"href":"https:\/\/www.maquinaspublicidade.pt\/index.php?rest_route=\/wp\/v2\/product"}],"about":[{"href":"https:\/\/www.maquinaspublicidade.pt\/index.php?rest_route=\/wp\/v2\/types\/product"}],"version-history":[{"count":0,"href":"https:\/\/www.maquinaspublicidade.pt\/index.php?rest_route=\/wp\/v2\/product\/322\/revisions"}],"wp:featuredmedia":[{"embeddable":true,"href":"https:\/\/www.maquinaspublicidade.pt\/index.php?rest_route=\/wp\/v2\/media\/326"}],"wp:attachment":[{"href":"https:\/\/www.maquinaspublicidade.pt\/index.php?rest_route=%2Fwp%2Fv2%2Fmedia&parent=322"}],"wp:term":[{"taxonomy":"product_brand","embeddable":true,"href":"https:\/\/www.maquinaspublicidade.pt\/index.php?rest_route=%2Fwp%2Fv2%2Fproduct_brand&post=322"},{"taxonomy":"product_cat","embeddable":true,"href":"https:\/\/www.maquinaspublicidade.pt\/index.php?rest_route=%2Fwp%2Fv2%2Fproduct_cat&post=322"},{"taxonomy":"product_tag","embeddable":true,"href":"https:\/\/www.maquinaspublicidade.pt\/index.php?rest_route=%2Fwp%2Fv2%2Fproduct_tag&post=322"}],"curies":[{"name":"wp","href":"https:\/\/api.w.org\/{rel}","templated":true}]}}