{"id":315,"date":"2020-09-21T21:15:55","date_gmt":"2020-09-21T21:15:55","guid":{"rendered":"http:\/\/www.maquinaspublicidade.pt\/?post_type=product&#038;p=315"},"modified":"2021-10-02T14:45:45","modified_gmt":"2021-10-02T14:45:45","slug":"chiller-cw-5000","status":"publish","type":"product","link":"https:\/\/www.maquinaspublicidade.pt\/?product=chiller-cw-5000","title":{"rendered":"Chiller CW 5000"},"content":{"rendered":"<p>CW-5000<\/p>\n<p>Modelo: CW-5000DG<br \/>\nTens\u00e3o: AC 220-240V<br \/>\nFrequ\u00eancia: 50 Hz<br \/>\nCorrente: 0,7-2,2A<br \/>\nCapacidade do tanque: 6 L.<br \/>\nPot\u00eancia do compressor: 0,295 KW, 0,4 PS<br \/>\nCapacidade de resfriamento: 2360 Btu \/ h, 0,69 KW, 595 Kcal \/ h<br \/>\nCarga de refrigerante: 280 g<br \/>\nPrecis\u00e3o: \u00b1 0,3 \u2103<br \/>\nRedutor: capilar<br \/>\nPot\u00eancia da bomba: 0,03 KW<br \/>\nFluxo m\u00e1ximo: 10 L \/ min<br \/>\nEleva\u00e7\u00e3o m\u00e1xima da bomba: 8 M.<br \/>\nEntrada e sa\u00edda: corredi\u00e7a externa. Plugue de lat\u00e3o de 10 mm<br \/>\nDimens\u00f5es da embalagem: 720 x 440 x 620 mm (C x L x A)<br \/>\nProte\u00e7\u00e3o de sobrecorrente do compressor, alarme de fluxo, alarme de temperatura excessiva<\/p>\n","protected":false},"excerpt":{"rendered":"<p>Ao valor apresentado acresce o iva \u00e0 taxa legal em vigor.<\/p>\n","protected":false},"featured_media":317,"template":"","meta":[],"product_brand":[],"product_cat":[1737],"product_tag":[],"class_list":{"0":"post-315","1":"product","2":"type-product","3":"status-publish","4":"has-post-thumbnail","6":"product_cat-chiller","8":"first","9":"instock","10":"taxable","11":"shipping-taxable","12":"purchasable","13":"product-type-simple"},"_links":{"self":[{"href":"https:\/\/www.maquinaspublicidade.pt\/index.php?rest_route=\/wp\/v2\/product\/315","targetHints":{"allow":["GET"]}}],"collection":[{"href":"https:\/\/www.maquinaspublicidade.pt\/index.php?rest_route=\/wp\/v2\/product"}],"about":[{"href":"https:\/\/www.maquinaspublicidade.pt\/index.php?rest_route=\/wp\/v2\/types\/product"}],"version-history":[{"count":0,"href":"https:\/\/www.maquinaspublicidade.pt\/index.php?rest_route=\/wp\/v2\/product\/315\/revisions"}],"wp:featuredmedia":[{"embeddable":true,"href":"https:\/\/www.maquinaspublicidade.pt\/index.php?rest_route=\/wp\/v2\/media\/317"}],"wp:attachment":[{"href":"https:\/\/www.maquinaspublicidade.pt\/index.php?rest_route=%2Fwp%2Fv2%2Fmedia&parent=315"}],"wp:term":[{"taxonomy":"product_brand","embeddable":true,"href":"https:\/\/www.maquinaspublicidade.pt\/index.php?rest_route=%2Fwp%2Fv2%2Fproduct_brand&post=315"},{"taxonomy":"product_cat","embeddable":true,"href":"https:\/\/www.maquinaspublicidade.pt\/index.php?rest_route=%2Fwp%2Fv2%2Fproduct_cat&post=315"},{"taxonomy":"product_tag","embeddable":true,"href":"https:\/\/www.maquinaspublicidade.pt\/index.php?rest_route=%2Fwp%2Fv2%2Fproduct_tag&post=315"}],"curies":[{"name":"wp","href":"https:\/\/api.w.org\/{rel}","templated":true}]}}