{"id":314,"date":"2020-09-21T21:15:37","date_gmt":"2020-09-21T21:15:37","guid":{"rendered":"http:\/\/www.maquinaspublicidade.pt\/?post_type=product&#038;p=314"},"modified":"2021-10-02T14:47:26","modified_gmt":"2021-10-02T14:47:26","slug":"chiller-cw-3000","status":"publish","type":"product","link":"https:\/\/www.maquinaspublicidade.pt\/?product=chiller-cw-3000","title":{"rendered":"Chiller CW 3000"},"content":{"rendered":"<p>CW-3000<\/p>\n<p>Modelo: CW-3000<br \/>\nTens\u00e3o: 220V<br \/>\nFrequ\u00eancia: 50 Hz<br \/>\nCorrente: 0,45 A<br \/>\nResfriamento: 50 W \/ \u2103<br \/>\nCapacidade: 8-9 L.<br \/>\nEleva\u00e7\u00e3o m\u00e1xima da bomba: 10 M.<br \/>\nFluxo m\u00e1ximo: 10 L \/ min<br \/>\nPeso l\u00edquido: 9,5 kg<br \/>\nPeso bruto:12 kg<br \/>\nProte\u00e7\u00e3o: alarme de fluxo<br \/>\nEmbalagem: caixa<br \/>\nVia de circula\u00e7\u00e3o: bomba de circula\u00e7\u00e3o de energia hidrol\u00e9trica<br \/>\nDimens\u00f5es: 470 x 270 x 370 mm (C x L x A)<br \/>\nDimens\u00f5es da embalagem: 590 x 380 x 470 mm (C x L x A)<br \/>\nEntrada e sa\u00edda: corredi\u00e7a externa: Plugue de lat\u00e3o de 10 mm<\/p>\n","protected":false},"excerpt":{"rendered":"<p>Ao valor apresentado acresce o iva \u00e0 taxa legal em vigor.<\/p>\n","protected":false},"featured_media":318,"template":"","meta":[],"product_brand":[],"product_cat":[1737],"product_tag":[],"class_list":{"0":"post-314","1":"product","2":"type-product","3":"status-publish","4":"has-post-thumbnail","6":"product_cat-chiller","8":"first","9":"instock","10":"taxable","11":"shipping-taxable","12":"purchasable","13":"product-type-simple"},"_links":{"self":[{"href":"https:\/\/www.maquinaspublicidade.pt\/index.php?rest_route=\/wp\/v2\/product\/314","targetHints":{"allow":["GET"]}}],"collection":[{"href":"https:\/\/www.maquinaspublicidade.pt\/index.php?rest_route=\/wp\/v2\/product"}],"about":[{"href":"https:\/\/www.maquinaspublicidade.pt\/index.php?rest_route=\/wp\/v2\/types\/product"}],"version-history":[{"count":0,"href":"https:\/\/www.maquinaspublicidade.pt\/index.php?rest_route=\/wp\/v2\/product\/314\/revisions"}],"wp:featuredmedia":[{"embeddable":true,"href":"https:\/\/www.maquinaspublicidade.pt\/index.php?rest_route=\/wp\/v2\/media\/318"}],"wp:attachment":[{"href":"https:\/\/www.maquinaspublicidade.pt\/index.php?rest_route=%2Fwp%2Fv2%2Fmedia&parent=314"}],"wp:term":[{"taxonomy":"product_brand","embeddable":true,"href":"https:\/\/www.maquinaspublicidade.pt\/index.php?rest_route=%2Fwp%2Fv2%2Fproduct_brand&post=314"},{"taxonomy":"product_cat","embeddable":true,"href":"https:\/\/www.maquinaspublicidade.pt\/index.php?rest_route=%2Fwp%2Fv2%2Fproduct_cat&post=314"},{"taxonomy":"product_tag","embeddable":true,"href":"https:\/\/www.maquinaspublicidade.pt\/index.php?rest_route=%2Fwp%2Fv2%2Fproduct_tag&post=314"}],"curies":[{"name":"wp","href":"https:\/\/api.w.org\/{rel}","templated":true}]}}