{"id":237,"date":"2020-07-01T22:49:59","date_gmt":"2020-07-01T22:49:59","guid":{"rendered":"http:\/\/www.maquinaspublicidade.pt\/?post_type=product&#038;p=237"},"modified":"2025-06-07T16:04:00","modified_gmt":"2025-06-07T16:04:00","slug":"uv-a1","status":"publish","type":"product","link":"https:\/\/www.maquinaspublicidade.pt\/?product=uv-a1","title":{"rendered":"IMPRESSORA UV PLANA 9060"},"content":{"rendered":"<div class=\"j83agx80 jwdofwj8 pby63qed\" data-testid=\"incoming_group\">\n<div class=\"rj1gh0hx buofh1pr hpfvmrgz\">\n<div role=\"row\">\n<div class=\"\" data-testid=\"Keycommand_wrapper\">\n<div class=\"j83agx80 cbu4d94t\">\n<div class=\"j83agx80\">\n<div class=\"jn8vp64t l9j0dhe7 hpfvmrgz lzcic4wl\" tabindex=\"0\" role=\"gridcell\" data-scope=\"messages_table\">\n<div class=\"g5ia77u1 ii04i59q\" data-testid=\"messenger_incoming_text_row\">\n<div class=\"l60d2q6s d1544ag0 sj5x9vvc tw6a2znq l9j0dhe7 ni8dbmo4 stjgntxs qlfml3jp inkptoze e72ty7fz qmr60zad jm1wdb64 qv66sw1b ljqsnud1 g6srhlxm\">\n<div class=\"oo9gr5id\">\n<div class=\"kvgmc6g5 cxmmr5t8 oygrvhab hcukyx3x c1et5uql\">\n<div dir=\"auto\">*Modelo: 6090<\/div>\n<div dir=\"auto\">*Cabe\u00e7a de impress\u00e3o: TX800 (X3)<\/div>\n<div dir=\"auto\">*Tabuleiro em alum\u00ednio com v\u00e1cuo<br \/>\n*Precis\u00e3o da impress\u00e3o: 4pass \u3001 8pass \u3001 16pass \u3001 32Pass<\/div>\n<div dir=\"auto\">*\u00c1rea de trabalho: 600*900mm<\/div>\n<div dir=\"auto\">*Altura m\u00e1xima de impress\u00e3o: 190 mm<br \/>\n*Velocidade de impress\u00e3o 8pass \uff1b 3 ~ 5\u33a1\/h<br \/>\n*Altura m\u00e1xima: 0 ~ 190mm<\/div>\n<div dir=\"auto\">*Sistema de suporte: Windows<br \/>\n*Canais de c\u00f4res: 6 cor + 6 branco + 6 verniz<br \/>\n*M\u00e9todo de suprimento de tinta: Fornecimento cont\u00ednuo de tinta<br \/>\n*Suporte de sa\u00edda de tinta: Suporte\/Branco e cor<\/div>\n<div dir=\"auto\">*Impress\u00e3o em relevo: Sim<\/div>\n<div dir=\"auto\">*Impress\u00e3o com verniz: Sim<br \/>\n*Vida \u00fatil da l\u00e2mpada UV : 3 anos<\/div>\n<div dir=\"auto\">*Pot\u00eancia da l\u00e2mpada UV ajust\u00e1vel:\u00a0 m\u00e1ximo de 130W<\/div>\n<div dir=\"auto\">*Resfrigera\u00e7\u00e3o para l\u00e2mpada UV:\u00a0 Resfrigerado a \u00e1gua e a ar<\/div>\n<div dir=\"auto\">*Ajuste da plataforma : Tela Touch screen e medi\u00e7\u00e3o de altura por infravermelho<\/div>\n<div dir=\"auto\">*Acionamento da plataforma:\u00a0 Acionamento por servo-motor de pulso<\/div>\n<div dir=\"auto\">*Prote\u00e7\u00e3o dos Nozzles:\u00a0 O sistema anti-colis\u00e3o infravermelho inteligente e o fluido de manuten\u00e7\u00e3o da almofada de absor\u00e7\u00e3o de tinta evitam o entupimento.<\/div>\n<div dir=\"auto\">*Dimens\u00f5es da m\u00e1quina: L1300*W1200*H800mm<\/div>\n<div dir=\"auto\">\n<p>*Peso: 135 Kg<\/p>\n<\/div>\n<\/div>\n<\/div>\n<\/div>\n<\/div>\n<\/div>\n<\/div>\n<\/div>\n<\/div>\n<\/div>\n<\/div>\n<\/div>\n","protected":false},"excerpt":{"rendered":"<p>*Modelo: 6090 *Cabe\u00e7a de impress\u00e3o: TX800 (X3) *Tabuleiro em alum\u00ednio com v\u00e1cuo *Precis\u00e3o da impress\u00e3o: 4pass \u3001 8pass \u3001 16pass \u3001 32Pass *\u00c1rea de trabalho: 600*900mm *Altura m\u00e1xima de impress\u00e3o: 190 mm *Velocidade de impress\u00e3o 8pass \uff1b 3 ~ 5\u33a1\/h *Altura m\u00e1xima: 0 ~ 190mm *Sistema de suporte: Windows *Canais de c\u00f4res: 6 cor + [&hellip;]<\/p>\n","protected":false},"featured_media":81194,"template":"","meta":[],"product_brand":[],"product_cat":[12765,12763],"product_tag":[],"class_list":{"0":"post-237","1":"product","2":"type-product","3":"status-publish","4":"has-post-thumbnail","6":"product_cat-impressoras-uv","7":"product_cat-impressoras-plotters","9":"first","10":"instock","11":"sale","12":"taxable","13":"shipping-taxable","14":"purchasable","15":"product-type-simple"},"_links":{"self":[{"href":"https:\/\/www.maquinaspublicidade.pt\/index.php?rest_route=\/wp\/v2\/product\/237","targetHints":{"allow":["GET"]}}],"collection":[{"href":"https:\/\/www.maquinaspublicidade.pt\/index.php?rest_route=\/wp\/v2\/product"}],"about":[{"href":"https:\/\/www.maquinaspublicidade.pt\/index.php?rest_route=\/wp\/v2\/types\/product"}],"version-history":[{"count":3,"href":"https:\/\/www.maquinaspublicidade.pt\/index.php?rest_route=\/wp\/v2\/product\/237\/revisions"}],"predecessor-version":[{"id":81196,"href":"https:\/\/www.maquinaspublicidade.pt\/index.php?rest_route=\/wp\/v2\/product\/237\/revisions\/81196"}],"wp:featuredmedia":[{"embeddable":true,"href":"https:\/\/www.maquinaspublicidade.pt\/index.php?rest_route=\/wp\/v2\/media\/81194"}],"wp:attachment":[{"href":"https:\/\/www.maquinaspublicidade.pt\/index.php?rest_route=%2Fwp%2Fv2%2Fmedia&parent=237"}],"wp:term":[{"taxonomy":"product_brand","embeddable":true,"href":"https:\/\/www.maquinaspublicidade.pt\/index.php?rest_route=%2Fwp%2Fv2%2Fproduct_brand&post=237"},{"taxonomy":"product_cat","embeddable":true,"href":"https:\/\/www.maquinaspublicidade.pt\/index.php?rest_route=%2Fwp%2Fv2%2Fproduct_cat&post=237"},{"taxonomy":"product_tag","embeddable":true,"href":"https:\/\/www.maquinaspublicidade.pt\/index.php?rest_route=%2Fwp%2Fv2%2Fproduct_tag&post=237"}],"curies":[{"name":"wp","href":"https:\/\/api.w.org\/{rel}","templated":true}]}}