{"id":231,"date":"2020-07-01T20:28:42","date_gmt":"2020-07-01T20:28:42","guid":{"rendered":"http:\/\/www.maquinaspublicidade.pt\/?post_type=product&#038;p=231"},"modified":"2024-11-02T16:13:50","modified_gmt":"2024-11-02T16:13:50","slug":"uv-a3-2","status":"publish","type":"product","link":"https:\/\/www.maquinaspublicidade.pt\/?product=uv-a3-2","title":{"rendered":"UV A3+"},"content":{"rendered":"<div class=\"kvgmc6g5 cxmmr5t8 oygrvhab hcukyx3x c1et5uql\">\n<div dir=\"auto\">IMPRESSORA UV A3+ (33x60cm)<\/div>\n<\/div>\n<div class=\"o9v6fnle cxmmr5t8 oygrvhab hcukyx3x c1et5uql\">\n<div dir=\"auto\">DESCRI\u00c7\u00c3O<\/div>\n<div dir=\"auto\">Descri\u00e7\u00e3o:<\/div>\n<\/div>\n<div class=\"o9v6fnle cxmmr5t8 oygrvhab hcukyx3x c1et5uql\">\n<div dir=\"auto\">Impressora Autom\u00e1tica de Mesa A3 3360 UV Impressora plana em couro 3360 UV para a cabe\u00e7a de impress\u00e3o Epson DX9 com maior velocidade<\/div>\n<div dir=\"auto\">Vantagem:<\/div>\n<\/div>\n<div class=\"o9v6fnle cxmmr5t8 oygrvhab hcukyx3x c1et5uql\">\n<div dir=\"auto\">Velocidade 3x Sem Defeito na Faixa de Impress\u00e3o<\/div>\n<div dir=\"auto\">Imprimir branco e colorido ao mesmo tempo A impress\u00e3o \u00e9 de 5 mm (2,5 vezes que outras m\u00e1quinas).<\/div>\n<\/div>\n<div class=\"o9v6fnle cxmmr5t8 oygrvhab hcukyx3x c1et5uql\">\n<div dir=\"auto\">Tamanho da impress\u00e3o: 33 * 60 cm<\/div>\n<div dir=\"auto\">Especifica\u00e7\u00f5es:<\/div>\n<\/div>\n<div class=\"o9v6fnle cxmmr5t8 oygrvhab hcukyx3x c1et5uql\">\n<div dir=\"auto\">Cabe\u00e7a de impress\u00e3o: Para pigmento colorido Epson DX9 Advanced Micro Piezo 6<\/div>\n<\/div>\n<div class=\"o9v6fnle cxmmr5t8 oygrvhab hcukyx3x c1et5uql\">\n<div dir=\"auto\">Tecnologia de jato de tinta Cores da tinta: (ciano, magenta, amarelo, preto, 2 branco) Velocidade de impress\u00e3o: A4 Foto: 70s Max<\/div>\n<\/div>\n<div class=\"o9v6fnle cxmmr5t8 oygrvhab hcukyx3x c1et5uql\">\n<div dir=\"auto\">Resolu\u00e7\u00e3o: 16pass<\/div>\n<\/div>\n<div class=\"o9v6fnle cxmmr5t8 oygrvhab hcukyx3x c1et5uql\">\n<div dir=\"auto\">Tamanho m\u00e1ximo de impress\u00e3o: 333 x 600mm<\/div>\n<\/div>\n<div class=\"o9v6fnle cxmmr5t8 oygrvhab hcukyx3x c1et5uql\">\n<div dir=\"auto\">Espessura da m\u00eddia: 200mm Prote\u00e7\u00e3o da cabe\u00e7a de impress\u00e3o: Inteligente<\/div>\n<\/div>\n<div class=\"o9v6fnle cxmmr5t8 oygrvhab hcukyx3x c1et5uql\">\n<div dir=\"auto\">Sistema de autoprote\u00e7\u00e3o Tamanho da press\u00e3o: 770 mm x 720 mm * 600 mm<\/div>\n<\/div>\n<div class=\"o9v6fnle cxmmr5t8 oygrvhab hcukyx3x c1et5uql\">\n<div dir=\"auto\">Tamanho da embalagem: 900mm x 850mm x 800mm ~ 0,54 cubo Peso l\u00edquido \/ bruto: 49kg \/ 75kg<\/div>\n<\/div>\n<div class=\"o9v6fnle cxmmr5t8 oygrvhab hcukyx3x c1et5uql\">\n<div dir=\"auto\">Interface de impress\u00e3o: GigE Vision Pot\u00eancia do LED UV: pot\u00eancia m\u00e1xima de 30 W, pode ser alterado Led UV<\/div>\n<\/div>\n<div class=\"o9v6fnle cxmmr5t8 oygrvhab hcukyx3x c1et5uql\">\n<div dir=\"auto\">Temperatura: frente de 120 graus, dist\u00e2ncia de 1cm -40\u00ba UV conduzida<\/div>\n<\/div>\n<div class=\"o9v6fnle cxmmr5t8 oygrvhab hcukyx3x c1et5uql\">\n<div dir=\"auto\">M\u00e9todo de resfriamento: resfriamento a \u00e1gua + dissipador de calor (resfriamento especial para prolongar a vida \u00fatil do LED UV)<\/div>\n<\/div>\n<div class=\"o9v6fnle cxmmr5t8 oygrvhab hcukyx3x c1et5uql\">\n<div dir=\"auto\">Ajuste de altura: o adaptador de rede universal da porta gigabit do Windows inclui o seguinte<\/div>\n<\/div>\n<div class=\"o9v6fnle cxmmr5t8 oygrvhab hcukyx3x c1et5uql\">\n<div dir=\"auto\">Personagens: Gigabit, GBE, 10 \/ 100 \/ 1000m,<\/div>\n<div dir=\"auto\">RTL8169<\/div>\n<\/div>\n<div class=\"o9v6fnle cxmmr5t8 oygrvhab hcukyx3x c1et5uql\">\n<div dir=\"auto\">Software: RIPRIN<\/div>\n<\/div>\n<div class=\"o9v6fnle cxmmr5t8 oygrvhab hcukyx3x c1et5uql\">\n<div dir=\"auto\">Acess\u00f3rios: Ret\u00edculo, controlado por software, linhas de energia, manual do usu\u00e1rio, ferramentas de manuten\u00e7\u00e3o, sistema Windows<\/div>\n<\/div>\n<div class=\"o9v6fnle cxmmr5t8 oygrvhab hcukyx3x c1et5uql\">\n<div dir=\"auto\">Garantia :<\/div>\n<\/div>\n<div class=\"o9v6fnle cxmmr5t8 oygrvhab hcukyx3x c1et5uql\">\n<div dir=\"auto\">1. Nosso produto \u00e9 100% novo e 100% testado antes do envio.<\/div>\n<\/div>\n<div class=\"o9v6fnle cxmmr5t8 oygrvhab hcukyx3x c1et5uql\">\n<div dir=\"auto\">2. Garantia de dois anos, excluindo cabe\u00e7ote de impress\u00e3o, amortecedor de UV e bomba de UV.<\/div>\n<\/div>\n<div class=\"o9v6fnle cxmmr5t8 oygrvhab hcukyx3x c1et5uql\">\n<div dir=\"auto\"><\/div>\n<\/div>\n","protected":false},"excerpt":{"rendered":"<p>IMPRESSORA UV A3+ (33x60cm) DESCRI\u00c7\u00c3O Descri\u00e7\u00e3o: Impressora Autom\u00e1tica de Mesa A3 3360 UV Impressora plana em couro 3360 UV para a cabe\u00e7a de impress\u00e3o Epson DX9 com maior velocidade Vantagem: Velocidade 3x Sem Defeito na Faixa de Impress\u00e3o Imprimir branco e colorido ao mesmo tempo A impress\u00e3o \u00e9 de 5 mm (2,5 vezes que outras [&hellip;]<\/p>\n","protected":false},"featured_media":235,"template":"","meta":[],"product_brand":[],"product_cat":[12765,12763],"product_tag":[],"class_list":{"0":"post-231","1":"product","2":"type-product","3":"status-publish","4":"has-post-thumbnail","6":"product_cat-impressoras-uv","7":"product_cat-impressoras-plotters","9":"first","10":"instock","11":"taxable","12":"shipping-taxable","13":"purchasable","14":"product-type-simple"},"_links":{"self":[{"href":"https:\/\/www.maquinaspublicidade.pt\/index.php?rest_route=\/wp\/v2\/product\/231","targetHints":{"allow":["GET"]}}],"collection":[{"href":"https:\/\/www.maquinaspublicidade.pt\/index.php?rest_route=\/wp\/v2\/product"}],"about":[{"href":"https:\/\/www.maquinaspublicidade.pt\/index.php?rest_route=\/wp\/v2\/types\/product"}],"version-history":[{"count":1,"href":"https:\/\/www.maquinaspublicidade.pt\/index.php?rest_route=\/wp\/v2\/product\/231\/revisions"}],"predecessor-version":[{"id":81292,"href":"https:\/\/www.maquinaspublicidade.pt\/index.php?rest_route=\/wp\/v2\/product\/231\/revisions\/81292"}],"wp:featuredmedia":[{"embeddable":true,"href":"https:\/\/www.maquinaspublicidade.pt\/index.php?rest_route=\/wp\/v2\/media\/235"}],"wp:attachment":[{"href":"https:\/\/www.maquinaspublicidade.pt\/index.php?rest_route=%2Fwp%2Fv2%2Fmedia&parent=231"}],"wp:term":[{"taxonomy":"product_brand","embeddable":true,"href":"https:\/\/www.maquinaspublicidade.pt\/index.php?rest_route=%2Fwp%2Fv2%2Fproduct_brand&post=231"},{"taxonomy":"product_cat","embeddable":true,"href":"https:\/\/www.maquinaspublicidade.pt\/index.php?rest_route=%2Fwp%2Fv2%2Fproduct_cat&post=231"},{"taxonomy":"product_tag","embeddable":true,"href":"https:\/\/www.maquinaspublicidade.pt\/index.php?rest_route=%2Fwp%2Fv2%2Fproduct_tag&post=231"}],"curies":[{"name":"wp","href":"https:\/\/api.w.org\/{rel}","templated":true}]}}