{"id":216,"date":"2020-06-27T19:37:54","date_gmt":"2020-06-27T19:37:54","guid":{"rendered":"http:\/\/www.maquinaspublicidade.pt\/?post_type=product&#038;p=216"},"modified":"2020-06-27T19:37:54","modified_gmt":"2020-06-27T19:37:54","slug":"plotter-de-corte-63cm","status":"publish","type":"product","link":"https:\/\/www.maquinaspublicidade.pt\/?product=plotter-de-corte-63cm","title":{"rendered":"Plotter de Corte 63cm"},"content":{"rendered":"<div dir=\"ltr\">Tens\u00e3o: 220V CA, 50 Hz<\/div>\n<div dir=\"ltr\">Tipos de L\u00e2minas: Padr\u00e3o, Compat\u00edvel com Roland, 2mm de Di\u00e2metro<\/div>\n<div dir=\"ltr\">Software: Signmaster<\/div>\n<div dir=\"ltr\">Tipo do motor: Motor deslizante<\/div>\n<div dir=\"ltr\">Interface: porta USB<\/div>\n<div dir=\"ltr\">Alimenta\u00e7\u00e3o m\u00e1xima de papel: 720 mm<\/div>\n<div dir=\"ltr\">Largura m\u00e1xima do cortador: 630 mm<\/div>\n<div dir=\"ltr\">Press\u00e3o do cortador: 10-500g<\/div>\n<div dir=\"ltr\">Velocidade de corte: 10-800 mm por segundo<\/div>\n<div dir=\"ltr\">N\u00famero de rolos de pitada: 3<\/div>\n<div dir=\"ltr\">Mem\u00f3ria: 128K-2M<\/div>\n<div dir=\"ltr\">Posicionamento: Manual<\/div>\n<div dir=\"ltr\">Precis\u00e3o de repeti\u00e7\u00e3o: (0,01 mm)<\/div>\n<div dir=\"ltr\">Sistema: PC com processador Pentium ou computador compat\u00edvel (Windows), Windows XP \/ Vista \/ 7\/8\/10 (32 e 64)<\/div>\n<div dir=\"ltr\">Peso bruto: 41,8 lb (19 kg)<\/div>\n<div dir=\"ltr\"><\/div>\n","protected":false},"excerpt":{"rendered":"<p>Tens\u00e3o: 220V CA, 50 Hz Tipos de L\u00e2minas: Padr\u00e3o, Compat\u00edvel com Roland, 2mm de Di\u00e2metro Software: Signmaster Tipo do motor: Motor deslizante Interface: porta USB Alimenta\u00e7\u00e3o m\u00e1xima de papel: 720 mm Largura m\u00e1xima do cortador: 630 mm Press\u00e3o do cortador: 10-500g Velocidade de corte: 10-800 mm por segundo N\u00famero de rolos de pitada: 3 Mem\u00f3ria: [&hellip;]<\/p>\n","protected":false},"featured_media":219,"template":"","meta":[],"product_brand":[],"product_cat":[34],"product_tag":[],"class_list":{"0":"post-216","1":"product","2":"type-product","3":"status-publish","4":"has-post-thumbnail","6":"product_cat-plotters-de-corte","8":"first","9":"instock","10":"taxable","11":"shipping-taxable","12":"purchasable","13":"product-type-simple"},"_links":{"self":[{"href":"https:\/\/www.maquinaspublicidade.pt\/index.php?rest_route=\/wp\/v2\/product\/216","targetHints":{"allow":["GET"]}}],"collection":[{"href":"https:\/\/www.maquinaspublicidade.pt\/index.php?rest_route=\/wp\/v2\/product"}],"about":[{"href":"https:\/\/www.maquinaspublicidade.pt\/index.php?rest_route=\/wp\/v2\/types\/product"}],"version-history":[{"count":0,"href":"https:\/\/www.maquinaspublicidade.pt\/index.php?rest_route=\/wp\/v2\/product\/216\/revisions"}],"wp:featuredmedia":[{"embeddable":true,"href":"https:\/\/www.maquinaspublicidade.pt\/index.php?rest_route=\/wp\/v2\/media\/219"}],"wp:attachment":[{"href":"https:\/\/www.maquinaspublicidade.pt\/index.php?rest_route=%2Fwp%2Fv2%2Fmedia&parent=216"}],"wp:term":[{"taxonomy":"product_brand","embeddable":true,"href":"https:\/\/www.maquinaspublicidade.pt\/index.php?rest_route=%2Fwp%2Fv2%2Fproduct_brand&post=216"},{"taxonomy":"product_cat","embeddable":true,"href":"https:\/\/www.maquinaspublicidade.pt\/index.php?rest_route=%2Fwp%2Fv2%2Fproduct_cat&post=216"},{"taxonomy":"product_tag","embeddable":true,"href":"https:\/\/www.maquinaspublicidade.pt\/index.php?rest_route=%2Fwp%2Fv2%2Fproduct_tag&post=216"}],"curies":[{"name":"wp","href":"https:\/\/api.w.org\/{rel}","templated":true}]}}