{"id":211,"date":"2020-06-27T19:36:06","date_gmt":"2020-06-27T19:36:06","guid":{"rendered":"http:\/\/www.maquinaspublicidade.pt\/?post_type=product&#038;p=211"},"modified":"2020-06-27T19:36:06","modified_gmt":"2020-06-27T19:36:06","slug":"plotter-de-corte-126","status":"publish","type":"product","link":"https:\/\/www.maquinaspublicidade.pt\/?product=plotter-de-corte-126","title":{"rendered":"Plotter de corte 1,26"},"content":{"rendered":"<div dir=\"ltr\">Tens\u00e3o: 220V AC<\/div>\n<div dir=\"ltr\">Alimenta\u00e7\u00e3o m\u00e1xima de papel: 1350 mm<\/div>\n<div dir=\"ltr\">Largura m\u00e1xima do cortador: 1260 mm<\/div>\n<div dir=\"ltr\">Mainboard: placa do tipo D<\/div>\n<div dir=\"ltr\">Press\u00e3o do cortador: 10-500g<\/div>\n<div dir=\"ltr\">Velocidade de corte: 20-800mm por segundo<\/div>\n<div dir=\"ltr\">Mem\u00f3ria: 4MB de mem\u00f3ria cache de alta velocidade<\/div>\n<div dir=\"ltr\">Precis\u00e3o de corte: \u00b1 0,0004 &#8220;(0,01 mm)<\/div>\n<div dir=\"ltr\">M\u00e9todo de condu\u00e7\u00e3o: Motor de passo<\/div>\n<div dir=\"ltr\">Posicionamento: Manual<\/div>\n<div dir=\"ltr\">Interface: Porta serial RS232 e USB 2.0<\/div>\n<div dir=\"ltr\">Idioma: DM \/ PL, HP \/ GL<\/div>\n<div dir=\"ltr\">Idioma da m\u00e1quina: ingl\u00eas<\/div>\n<div dir=\"ltr\">Compatibilidade de software: AUTCUT, Coreldraw, Fexi, Signcut, Signmaster, AI, Winpcsingn<\/div>\n<div dir=\"ltr\">Sistema: PC com processador Pentium ou computador compat\u00edvel (Windows), Windows XP \/ Vista \/ 7\/8\/10 (32 e 64)<\/div>\n<div dir=\"ltr\">Peso bruto: (31,6 kg)<\/div>\n<div dir=\"ltr\">Dimens\u00f5es do pacote (C x L x A): (166 x 44 x 35 cm)<\/div>\n","protected":false},"excerpt":{"rendered":"<p>Tens\u00e3o: 220V AC Alimenta\u00e7\u00e3o m\u00e1xima de papel: 1350 mm Largura m\u00e1xima do cortador: 1260 mm Mainboard: placa do tipo D Press\u00e3o do cortador: 10-500g Velocidade de corte: 20-800mm por segundo Mem\u00f3ria: 4MB de mem\u00f3ria cache de alta velocidade Precis\u00e3o de corte: \u00b1 0,0004 &#8220;(0,01 mm) M\u00e9todo de condu\u00e7\u00e3o: Motor de passo Posicionamento: Manual Interface: Porta [&hellip;]<\/p>\n","protected":false},"featured_media":213,"template":"","meta":[],"product_brand":[],"product_cat":[34],"product_tag":[],"class_list":{"0":"post-211","1":"product","2":"type-product","3":"status-publish","4":"has-post-thumbnail","6":"product_cat-plotters-de-corte","8":"first","9":"instock","10":"taxable","11":"shipping-taxable","12":"purchasable","13":"product-type-simple"},"_links":{"self":[{"href":"https:\/\/www.maquinaspublicidade.pt\/index.php?rest_route=\/wp\/v2\/product\/211","targetHints":{"allow":["GET"]}}],"collection":[{"href":"https:\/\/www.maquinaspublicidade.pt\/index.php?rest_route=\/wp\/v2\/product"}],"about":[{"href":"https:\/\/www.maquinaspublicidade.pt\/index.php?rest_route=\/wp\/v2\/types\/product"}],"version-history":[{"count":0,"href":"https:\/\/www.maquinaspublicidade.pt\/index.php?rest_route=\/wp\/v2\/product\/211\/revisions"}],"wp:featuredmedia":[{"embeddable":true,"href":"https:\/\/www.maquinaspublicidade.pt\/index.php?rest_route=\/wp\/v2\/media\/213"}],"wp:attachment":[{"href":"https:\/\/www.maquinaspublicidade.pt\/index.php?rest_route=%2Fwp%2Fv2%2Fmedia&parent=211"}],"wp:term":[{"taxonomy":"product_brand","embeddable":true,"href":"https:\/\/www.maquinaspublicidade.pt\/index.php?rest_route=%2Fwp%2Fv2%2Fproduct_brand&post=211"},{"taxonomy":"product_cat","embeddable":true,"href":"https:\/\/www.maquinaspublicidade.pt\/index.php?rest_route=%2Fwp%2Fv2%2Fproduct_cat&post=211"},{"taxonomy":"product_tag","embeddable":true,"href":"https:\/\/www.maquinaspublicidade.pt\/index.php?rest_route=%2Fwp%2Fv2%2Fproduct_tag&post=211"}],"curies":[{"name":"wp","href":"https:\/\/api.w.org\/{rel}","templated":true}]}}