{"id":193,"date":"2020-06-27T17:05:37","date_gmt":"2020-06-27T17:05:37","guid":{"rendered":"http:\/\/www.maquinaspublicidade.pt\/?post_type=product&#038;p=193"},"modified":"2025-05-26T19:11:15","modified_gmt":"2025-05-26T19:11:15","slug":"laser-60w","status":"publish","type":"product","link":"https:\/\/www.maquinaspublicidade.pt\/?product=laser-60w","title":{"rendered":"Laser 60W"},"content":{"rendered":"<p>Sistema de controle: DSP<br \/>\nSuperf\u00edcie de trabalho: ( 500 mm x 700 mm )<br \/>\nBancada regul\u00e1vel em altura: ( 200 mm )<br \/>\nTubo de laser: tubo de laser de CO2 com veda\u00e7\u00e3o de vidro<br \/>\nPot\u00eancia do laser: 60W<br \/>\nTipo de unidade: motor microstepper<br \/>\nVelocidade m\u00e1xima: 1000 mm \/ s<br \/>\nResolu\u00e7\u00e3o: precis\u00e3o de posi\u00e7\u00e3o de 1000 DPI: 0,01 mm<br \/>\nInterface de PC: USB2.0 e disco USB<br \/>\nSoftware: RDWORKS<br \/>\nFormul\u00e1rio de Imagem: HPGL,<br \/>\nBMP,<br \/>\nGIF,<br \/>\nJPG,<br \/>\nJPEG,<br \/>\nDXF,<br \/>\nDST,<br \/>\nAI<br \/>\nDimens\u00f5es da m\u00e1quina ( L \/ T \/ H ): 115 x 86 x 97 (cm)<\/p>\n","protected":false},"excerpt":{"rendered":"<p><b>OFERTA:<\/b><\/p>\n<ul>\n<li>CHILLER CW5000<\/li>\n<li>TRANSPORTE<\/li>\n<li>INSTALA\u00c7\u00c3O<\/li>\n<li>FORMA\u00c7\u00c3O BASICA DE INICIA\u00c7\u00c3O<\/li>\n<li>PACK VETORES<\/li>\n<\/ul>\n<p>&nbsp;<\/p>\n","protected":false},"featured_media":81166,"template":"","meta":[],"product_brand":[],"product_cat":[1627],"product_tag":[],"class_list":{"0":"post-193","1":"product","2":"type-product","3":"status-publish","4":"has-post-thumbnail","6":"product_cat-maquinas","8":"first","9":"instock","10":"taxable","11":"shipping-taxable","12":"purchasable","13":"product-type-simple"},"_links":{"self":[{"href":"https:\/\/www.maquinaspublicidade.pt\/index.php?rest_route=\/wp\/v2\/product\/193","targetHints":{"allow":["GET"]}}],"collection":[{"href":"https:\/\/www.maquinaspublicidade.pt\/index.php?rest_route=\/wp\/v2\/product"}],"about":[{"href":"https:\/\/www.maquinaspublicidade.pt\/index.php?rest_route=\/wp\/v2\/types\/product"}],"version-history":[{"count":4,"href":"https:\/\/www.maquinaspublicidade.pt\/index.php?rest_route=\/wp\/v2\/product\/193\/revisions"}],"predecessor-version":[{"id":81335,"href":"https:\/\/www.maquinaspublicidade.pt\/index.php?rest_route=\/wp\/v2\/product\/193\/revisions\/81335"}],"wp:featuredmedia":[{"embeddable":true,"href":"https:\/\/www.maquinaspublicidade.pt\/index.php?rest_route=\/wp\/v2\/media\/81166"}],"wp:attachment":[{"href":"https:\/\/www.maquinaspublicidade.pt\/index.php?rest_route=%2Fwp%2Fv2%2Fmedia&parent=193"}],"wp:term":[{"taxonomy":"product_brand","embeddable":true,"href":"https:\/\/www.maquinaspublicidade.pt\/index.php?rest_route=%2Fwp%2Fv2%2Fproduct_brand&post=193"},{"taxonomy":"product_cat","embeddable":true,"href":"https:\/\/www.maquinaspublicidade.pt\/index.php?rest_route=%2Fwp%2Fv2%2Fproduct_cat&post=193"},{"taxonomy":"product_tag","embeddable":true,"href":"https:\/\/www.maquinaspublicidade.pt\/index.php?rest_route=%2Fwp%2Fv2%2Fproduct_tag&post=193"}],"curies":[{"name":"wp","href":"https:\/\/api.w.org\/{rel}","templated":true}]}}