{"id":176,"date":"2020-06-27T16:47:19","date_gmt":"2020-06-27T16:47:19","guid":{"rendered":"http:\/\/www.maquinaspublicidade.pt\/?post_type=product&#038;p=176"},"modified":"2023-03-08T18:49:27","modified_gmt":"2023-03-08T18:49:27","slug":"laser-130w","status":"publish","type":"product","link":"https:\/\/www.maquinaspublicidade.pt\/?product=laser-130w","title":{"rendered":"Laser 130w"},"content":{"rendered":"<p>Especifica\u00e7\u00f5es:<\/p>\n<p>Sistema de controle: DSP<br \/>\nSuperf\u00edcie de trabalho: ( 1400 mm x 900 mm )<br \/>\nBancada regul\u00e1vel em altura: ( 400 mm )<br \/>\nTubo de laser: tubo de laser de CO2 com veda\u00e7\u00e3o de vidro<br \/>\nPot\u00eancia do laser: 130W<br \/>\nTipo de unidade: motor microstepper<br \/>\nVelocidade m\u00e1xima: 1000 mm \/ s<br \/>\nResolu\u00e7\u00e3o: precis\u00e3o de posi\u00e7\u00e3o de 1000 DPI: 0,01 mm<br \/>\nInterface de PC: USB2.0 e disco USB<br \/>\nSoftware: RDWORKS<br \/>\nFormul\u00e1rio de Imagem: HPGL,<br \/>\nBMP,<br \/>\nGIF,<br \/>\nJPG,<br \/>\nJPEG,<br \/>\nDXF,<br \/>\nDST,<br \/>\nAI<\/p>\n","protected":false},"excerpt":{"rendered":"<p>Sistema de controle: DSP<br \/>\n\u00b7 Tamanho de trabalho: (1400 mm x 900 mm)<br \/>\n\u00b7 Placa de trabalho para cima e para baixo: (400mm)<br \/>\n\u00b7 Tipo de tubo a laser: Tubo a laser de vidro selado com CO2<br \/>\n\u00b7 Pot\u00eancia do laser: 100W<br \/>\n\u00b7 Tipo de driver: Micro motor de passo<br \/>\nVelocidade m\u00e1xima: 1000mm \/ s<br \/>\nResolu\u00e7\u00e3o: 1000 DPI<br \/>\n\u00b7 Precis\u00e3o da localiza\u00e7\u00e3o: 0,01 mm<br \/>\n\u00b7 Interface com o PC: USB 2.0 e disco USB<\/p>\n<p>&nbsp;<\/p>\n<p>&nbsp;<\/p>\n","protected":false},"featured_media":81179,"template":"","meta":[],"product_brand":[],"product_cat":[1627],"product_tag":[],"class_list":{"0":"post-176","1":"product","2":"type-product","3":"status-publish","4":"has-post-thumbnail","6":"product_cat-maquinas","8":"first","9":"instock","10":"taxable","11":"shipping-taxable","12":"purchasable","13":"product-type-simple"},"_links":{"self":[{"href":"https:\/\/www.maquinaspublicidade.pt\/index.php?rest_route=\/wp\/v2\/product\/176","targetHints":{"allow":["GET"]}}],"collection":[{"href":"https:\/\/www.maquinaspublicidade.pt\/index.php?rest_route=\/wp\/v2\/product"}],"about":[{"href":"https:\/\/www.maquinaspublicidade.pt\/index.php?rest_route=\/wp\/v2\/types\/product"}],"version-history":[{"count":2,"href":"https:\/\/www.maquinaspublicidade.pt\/index.php?rest_route=\/wp\/v2\/product\/176\/revisions"}],"predecessor-version":[{"id":81184,"href":"https:\/\/www.maquinaspublicidade.pt\/index.php?rest_route=\/wp\/v2\/product\/176\/revisions\/81184"}],"wp:featuredmedia":[{"embeddable":true,"href":"https:\/\/www.maquinaspublicidade.pt\/index.php?rest_route=\/wp\/v2\/media\/81179"}],"wp:attachment":[{"href":"https:\/\/www.maquinaspublicidade.pt\/index.php?rest_route=%2Fwp%2Fv2%2Fmedia&parent=176"}],"wp:term":[{"taxonomy":"product_brand","embeddable":true,"href":"https:\/\/www.maquinaspublicidade.pt\/index.php?rest_route=%2Fwp%2Fv2%2Fproduct_brand&post=176"},{"taxonomy":"product_cat","embeddable":true,"href":"https:\/\/www.maquinaspublicidade.pt\/index.php?rest_route=%2Fwp%2Fv2%2Fproduct_cat&post=176"},{"taxonomy":"product_tag","embeddable":true,"href":"https:\/\/www.maquinaspublicidade.pt\/index.php?rest_route=%2Fwp%2Fv2%2Fproduct_tag&post=176"}],"curies":[{"name":"wp","href":"https:\/\/api.w.org\/{rel}","templated":true}]}}