{"id":14318,"date":"2021-09-22T16:03:34","date_gmt":"2021-09-22T16:03:34","guid":{"rendered":"http:\/\/www.maquinaspublicidade.pt\/?post_type=product&#038;p=14318"},"modified":"2025-09-10T17:57:55","modified_gmt":"2025-09-10T17:57:55","slug":"laser-fibra-50w","status":"publish","type":"product","link":"https:\/\/www.maquinaspublicidade.pt\/?product=laser-fibra-50w","title":{"rendered":"Laser Fibra 50w Raycus QB Grava\u00e7\u00e3o em Metais + Eixo rotativo"},"content":{"rendered":"<h1><strong>\u2013 Oferta !!!<\/strong><\/h1>\n<ul>\n<li><strong>Transporte<\/strong><\/li>\n<li><strong>Instala\u00e7\u00e3o<\/strong><\/li>\n<li><strong>Forma\u00e7\u00e3o<\/strong><\/li>\n<\/ul>\n<p>&nbsp;<\/p>\n<p>Qualidade de feixe M2: \uff1c 1,6 (modo TEM00)<br \/>\nPot\u00eancia m\u00e9dia de sa\u00edda do dispositivo: 50W<br \/>\nA velocidade m\u00e1xima de marca\u00e7\u00e3o: 8000mm \/ s<br \/>\nComprimento de onda do laser 1064 \u00b1 3 nm<br \/>\n\u00c1rea de marca\u00e7\u00e3o: 150 mm \u00d7 150 mm<br \/>\nTaxa de repeti\u00e7\u00e3o: 20KHz-100KHz<br \/>\nFaixa de ajuste de desempenho: 5% -100%<br \/>\nCarateres m\u00ednimos: 0,2 mm x 0,2 mm<br \/>\nProfundidade de marca\u00e7\u00e3o: \u22641,2<br \/>\nRepetibilidade: \u00b1 0,0001mm<br \/>\nLargura m\u00ednima da linha: 0,01 mm<br \/>\nConsumo de energia: \u2264500W<br \/>\nPassagem de refrigerante: resfriado a ar<br \/>\nInterface de controle: USB<br \/>\nHor\u00e1rio de trabalho cont\u00ednuo: 24h<br \/>\nAmbiente de trabalho do equipamento: Limpo e livre de poeiras<br \/>\nTemperatura de opera\u00e7\u00e3o do dispositivo: de 13 \u00b0 C a 28 \u00b0 C<br \/>\nUmidade: 5% -75% Sem condensa\u00e7\u00e3o<br \/>\nRequisito de energia: 220V<\/p>\n","protected":false},"excerpt":{"rendered":"<p>M\u00e1quina Laser Fibra Grava\u00e7\u00e3o em metais\/n\u00e3o metais<\/p>\n","protected":false},"featured_media":81325,"template":"","meta":[],"product_brand":[],"product_cat":[1624],"product_tag":[],"class_list":{"0":"post-14318","1":"product","2":"type-product","3":"status-publish","4":"has-post-thumbnail","6":"product_cat-laser-fibra","8":"first","9":"instock","10":"sale","11":"taxable","12":"shipping-taxable","13":"purchasable","14":"product-type-simple"},"_links":{"self":[{"href":"https:\/\/www.maquinaspublicidade.pt\/index.php?rest_route=\/wp\/v2\/product\/14318","targetHints":{"allow":["GET"]}}],"collection":[{"href":"https:\/\/www.maquinaspublicidade.pt\/index.php?rest_route=\/wp\/v2\/product"}],"about":[{"href":"https:\/\/www.maquinaspublicidade.pt\/index.php?rest_route=\/wp\/v2\/types\/product"}],"version-history":[{"count":2,"href":"https:\/\/www.maquinaspublicidade.pt\/index.php?rest_route=\/wp\/v2\/product\/14318\/revisions"}],"predecessor-version":[{"id":81324,"href":"https:\/\/www.maquinaspublicidade.pt\/index.php?rest_route=\/wp\/v2\/product\/14318\/revisions\/81324"}],"wp:featuredmedia":[{"embeddable":true,"href":"https:\/\/www.maquinaspublicidade.pt\/index.php?rest_route=\/wp\/v2\/media\/81325"}],"wp:attachment":[{"href":"https:\/\/www.maquinaspublicidade.pt\/index.php?rest_route=%2Fwp%2Fv2%2Fmedia&parent=14318"}],"wp:term":[{"taxonomy":"product_brand","embeddable":true,"href":"https:\/\/www.maquinaspublicidade.pt\/index.php?rest_route=%2Fwp%2Fv2%2Fproduct_brand&post=14318"},{"taxonomy":"product_cat","embeddable":true,"href":"https:\/\/www.maquinaspublicidade.pt\/index.php?rest_route=%2Fwp%2Fv2%2Fproduct_cat&post=14318"},{"taxonomy":"product_tag","embeddable":true,"href":"https:\/\/www.maquinaspublicidade.pt\/index.php?rest_route=%2Fwp%2Fv2%2Fproduct_tag&post=14318"}],"curies":[{"name":"wp","href":"https:\/\/api.w.org\/{rel}","templated":true}]}}