{"id":14307,"date":"2021-09-22T15:51:36","date_gmt":"2021-09-22T15:51:36","guid":{"rendered":"http:\/\/www.maquinaspublicidade.pt\/?post_type=product&#038;p=14307"},"modified":"2022-10-03T13:18:43","modified_gmt":"2022-10-03T13:18:43","slug":"tubo-laser-co2-100w","status":"publish","type":"product","link":"https:\/\/www.maquinaspublicidade.pt\/?product=tubo-laser-co2-100w","title":{"rendered":"Tubo Laser Co2 100w"},"content":{"rendered":"<ol>\n<li>Pot\u00eancia de sa\u00edda: 100W<\/li>\n<li>Comprimento: 1430 mm<\/li>\n<li>Di\u00e2metro do feixe: 2,5 mm<\/li>\n<li>Comprimento de onda: 10,6 m\u00edcrons<\/li>\n<li>Material: vidro de borosilicato<\/li>\n<li>Di\u00e2metro externo: 80 mm<\/li>\n<li>Tens\u00e3o de libera\u00e7\u00e3o: 26KV<\/li>\n<li>Tens\u00e3o de trabalho: 20KV<\/li>\n<li>Corrente operacional ideal: 7-40mA<\/li>\n<\/ol>\n","protected":false},"excerpt":{"rendered":"<p>Tubo Laser Co2 100w (1430mm)<\/p>\n","protected":false},"featured_media":14308,"template":"","meta":[],"product_brand":[],"product_cat":[1684],"product_tag":[],"class_list":{"0":"post-14307","1":"product","2":"type-product","3":"status-publish","4":"has-post-thumbnail","6":"product_cat-tubos-laser-co2","8":"first","9":"instock","10":"taxable","11":"shipping-taxable","12":"purchasable","13":"product-type-simple"},"_links":{"self":[{"href":"https:\/\/www.maquinaspublicidade.pt\/index.php?rest_route=\/wp\/v2\/product\/14307","targetHints":{"allow":["GET"]}}],"collection":[{"href":"https:\/\/www.maquinaspublicidade.pt\/index.php?rest_route=\/wp\/v2\/product"}],"about":[{"href":"https:\/\/www.maquinaspublicidade.pt\/index.php?rest_route=\/wp\/v2\/types\/product"}],"version-history":[{"count":0,"href":"https:\/\/www.maquinaspublicidade.pt\/index.php?rest_route=\/wp\/v2\/product\/14307\/revisions"}],"wp:featuredmedia":[{"embeddable":true,"href":"https:\/\/www.maquinaspublicidade.pt\/index.php?rest_route=\/wp\/v2\/media\/14308"}],"wp:attachment":[{"href":"https:\/\/www.maquinaspublicidade.pt\/index.php?rest_route=%2Fwp%2Fv2%2Fmedia&parent=14307"}],"wp:term":[{"taxonomy":"product_brand","embeddable":true,"href":"https:\/\/www.maquinaspublicidade.pt\/index.php?rest_route=%2Fwp%2Fv2%2Fproduct_brand&post=14307"},{"taxonomy":"product_cat","embeddable":true,"href":"https:\/\/www.maquinaspublicidade.pt\/index.php?rest_route=%2Fwp%2Fv2%2Fproduct_cat&post=14307"},{"taxonomy":"product_tag","embeddable":true,"href":"https:\/\/www.maquinaspublicidade.pt\/index.php?rest_route=%2Fwp%2Fv2%2Fproduct_tag&post=14307"}],"curies":[{"name":"wp","href":"https:\/\/api.w.org\/{rel}","templated":true}]}}