{"id":14304,"date":"2021-09-22T15:48:50","date_gmt":"2021-09-22T15:48:50","guid":{"rendered":"http:\/\/www.maquinaspublicidade.pt\/?post_type=product&#038;p=14304"},"modified":"2021-10-02T13:31:23","modified_gmt":"2021-10-02T13:31:23","slug":"tubo-laser-co2-80w","status":"publish","type":"product","link":"https:\/\/www.maquinaspublicidade.pt\/?product=tubo-laser-co2-80w","title":{"rendered":"Tubo Laser Co2 80w"},"content":{"rendered":"<p>Pot\u00eancia de sa\u00edda: 80W<br \/>\nComprimento: 1230 mm<br \/>\nDi\u00e2metro do feixe: 2,5 mm<br \/>\nComprimento de onda: 10,64 m\u00edcrons<br \/>\nMaterial: vidro de borosilicato<br \/>\nDi\u00e2metro externo: 80 mm<br \/>\nTens\u00e3o de libera\u00e7\u00e3o: 26KV<br \/>\nTens\u00e3o de trabalho: 18KV<br \/>\nCorrente operacional ideal: 7-30mA<\/p>\n","protected":false},"excerpt":{"rendered":"<p>Tubo Laser Co2 80w (1230mm)<\/p>\n","protected":false},"featured_media":14305,"template":"","meta":[],"product_brand":[],"product_cat":[1684],"product_tag":[],"class_list":{"0":"post-14304","1":"product","2":"type-product","3":"status-publish","4":"has-post-thumbnail","6":"product_cat-tubos-laser-co2","8":"first","9":"instock","10":"taxable","11":"shipping-taxable","12":"purchasable","13":"product-type-simple"},"_links":{"self":[{"href":"https:\/\/www.maquinaspublicidade.pt\/index.php?rest_route=\/wp\/v2\/product\/14304","targetHints":{"allow":["GET"]}}],"collection":[{"href":"https:\/\/www.maquinaspublicidade.pt\/index.php?rest_route=\/wp\/v2\/product"}],"about":[{"href":"https:\/\/www.maquinaspublicidade.pt\/index.php?rest_route=\/wp\/v2\/types\/product"}],"version-history":[{"count":0,"href":"https:\/\/www.maquinaspublicidade.pt\/index.php?rest_route=\/wp\/v2\/product\/14304\/revisions"}],"wp:featuredmedia":[{"embeddable":true,"href":"https:\/\/www.maquinaspublicidade.pt\/index.php?rest_route=\/wp\/v2\/media\/14305"}],"wp:attachment":[{"href":"https:\/\/www.maquinaspublicidade.pt\/index.php?rest_route=%2Fwp%2Fv2%2Fmedia&parent=14304"}],"wp:term":[{"taxonomy":"product_brand","embeddable":true,"href":"https:\/\/www.maquinaspublicidade.pt\/index.php?rest_route=%2Fwp%2Fv2%2Fproduct_brand&post=14304"},{"taxonomy":"product_cat","embeddable":true,"href":"https:\/\/www.maquinaspublicidade.pt\/index.php?rest_route=%2Fwp%2Fv2%2Fproduct_cat&post=14304"},{"taxonomy":"product_tag","embeddable":true,"href":"https:\/\/www.maquinaspublicidade.pt\/index.php?rest_route=%2Fwp%2Fv2%2Fproduct_tag&post=14304"}],"curies":[{"name":"wp","href":"https:\/\/api.w.org\/{rel}","templated":true}]}}