{"id":281,"date":"2020-07-19T21:39:33","date_gmt":"2020-07-19T21:39:33","guid":{"rendered":"http:\/\/www.maquinaspublicidade.pt\/?page_id=281"},"modified":"2022-10-17T11:32:10","modified_gmt":"2022-10-17T11:32:10","slug":"politica-de-privacidade","status":"publish","type":"page","link":"https:\/\/www.maquinaspublicidade.pt\/?page_id=281","title":{"rendered":"Pol\u00edtica de Privacidade e Prot. de Dados"},"content":{"rendered":"\n<h2 class=\"wp-block-heading\" id=\"h-politica-de-privacidade-e-protecao-dados\">POL\u00cdTICA DE PRIVACIDADE E PROTE\u00c7\u00c3O DADOS<\/h2>\n\n\n\n<p><strong>1. Defini\u00e7\u00e3o e respons\u00e1vel pelo tratamento<\/strong><\/p>\n\n\n\n<p><strong>1.1-&nbsp;<\/strong>Por dados pessoais deve ser entendida a informa\u00e7\u00e3o, de qualquer natureza e suporte, incluindo-se o som e imagem, relativa a uma pessoa singular identificada ou identific\u00e1vel. \u00c9 considerada como identific\u00e1vel uma pessoa que possa ser identificada, direta ou indiretamente, designadamente por refer\u00eancia a um n\u00famero de identifica\u00e7\u00e3o ou a um ou mais elementos espec\u00edficos da sua identidade f\u00edsica, fisiol\u00f3gica, ps\u00edquica, econ\u00f3mica, cultural ou social.<\/p>\n\n\n\n<p><strong>1.2 \u2013<\/strong>&nbsp;No cumprimento da Lei n.\u00ba 67\/98 de 26 de Outubro, sobre a Prote\u00e7\u00e3o de Dados Pessoais, informamos que o tratamento dos dados pessoais recolhidos no site maquinaspublicdade.pt \u00e9 da responsabilidade de  S\u00e9rgio Silva, Portugal.<\/p>\n\n\n\n<p><strong>1.3 \u2013&nbsp;<\/strong>Todos os clientes t\u00eam o direito de acesso, retifica\u00e7\u00e3o, cancelamento e oposi\u00e7\u00e3o dos seus dados. Caso deseje, a qualquer momento, deixar de fazer parte da base de dados de S\u00e9rgio Silva, poder\u00e1 exercer este direito atrav\u00e9s dos seguintes meios:<\/p>\n\n\n\n<ul class=\"wp-block-list\"><li>Email:&nbsp;<a href=\"mailto:geral@maquinaspublicidade.pt\">geral@maquinaspublicidade.p<\/a>t <\/li><li>Contato: (+351) 962 595 012<\/li><li>Hor\u00e1rio de atendimento:&nbsp;<strong>Segunda a Sexta-feira&nbsp;&gt;<\/strong>&nbsp;09:00h \u00e0s 13:00h&nbsp;<strong>&gt;<\/strong>&nbsp;14:30 \u00e0s 18:30h |&nbsp;<strong>S\u00e1bado e Domingo&nbsp;&gt;<\/strong>&nbsp;encerrado<\/li><\/ul>\n\n\n\n<p><strong>2. Dados Pessoais Recolhidos e Finalidades<\/strong><\/p>\n\n\n\n<p><strong>2.1<\/strong>&nbsp;Acesso ao website e navega\u00e7\u00e3o: com o acesso ao website s\u00e3o recolhidos de forma autom\u00e1tica um conjunto de dados inform\u00e1ticos, que s\u00e3o gravados de forma tempor\u00e1ria em ficheiros pr\u00f3prios, sendo eliminados de forma tamb\u00e9m autom\u00e1tica ap\u00f3s determinado per\u00edodo. A recolha destes dados tem objetivos meramente t\u00e9cnicos, como sejam a configura\u00e7\u00e3o da liga\u00e7\u00e3o, a seguran\u00e7a do sistema, a administra\u00e7\u00e3o t\u00e9cnica da rede e a otimiza\u00e7\u00e3o do nosso s\u00edtio. Os dados a que nos referimos s\u00e3o os seguintes:<\/p>\n\n\n\n<ul class=\"wp-block-list\"><li>Endere\u00e7o IP do processador requerente;<\/li><li>Data e hora de acesso;<\/li><li>Nome e URL do ficheiro transferido;<\/li><li>Volume dos dados transmitidos;<\/li><li>Indica\u00e7\u00e3o sobre se a transfer\u00eancia foi efetuada com \u00eaxito;<\/li><li>Dados de identifica\u00e7\u00e3o do software do navegador e do sistema operativo;<\/li><li>S\u00edtio Web a partir do qual acedeu ao nosso s\u00edtio;<\/li><li>Nome do fornecedor de servi\u00e7o de Internet.<\/li><\/ul>\n\n\n\n<p><strong>2.2 Criar Registo:&nbsp;<\/strong>para cria\u00e7\u00e3o de registo no nosso website, pedimos-lhe alguns dados pessoais como o endere\u00e7o de email, morada e n\u00famero de contribuinte, com a finalidade de gerir as suas eventuais encomendas online e respetiva entrega, bem como as garantias aplic\u00e1veis.<\/p>\n\n\n\n<p><strong>2.3 Newsletters:<\/strong>&nbsp;maquinaspublicidade.pt disponibiliza a possibilidade de subscri\u00e7\u00e3o de um servi\u00e7o gratuito de newsletters aos visitantes do seu website. A finalidade deste servi\u00e7o visa levar ao conhecimento dos seus subscritores informa\u00e7\u00e3o relevante dentro das \u00e1reas de interesse abrangidas pelos servi\u00e7os prestados<\/p>\n\n\n\n<p>. Para poder usufruir deste servi\u00e7o ter\u00e1 necessariamente que fornecer o seu endere\u00e7o de email. Poder\u00e1 cancelar a subscri\u00e7\u00e3o do servi\u00e7o das newsletters a todo o tempo.<\/p>\n\n\n\n<p><strong>2.4<\/strong>&nbsp;Ao utilizar o website compromete-se a aceitar os termos e condi\u00e7\u00f5es da presente Pol\u00edtica de Privacidade, tal como se explica nesta sec\u00e7\u00e3o do website. Se n\u00e3o aceitar os termos e condi\u00e7\u00f5es desta Pol\u00edtica de Privacidade, pedimos-lhe que n\u00e3o faculte nenhum dado de car\u00e1cter pessoal atrav\u00e9s deste website.<\/p>\n\n\n\n<p><strong>2.5<\/strong>&nbsp;O Utilizador garante que os dados pessoais facultados \u00e0 nossa empresa s\u00e3o verdadeiros e torna-se respons\u00e1vel por comunicar qualquer altera\u00e7\u00e3o dos mesmos.<\/p>\n\n\n\n<p><strong>3. Per\u00edodo de conserva\u00e7\u00e3o dos seus dados<\/strong><\/p>\n\n\n\n<p>Os dados pessoais do utilizador ser\u00e3o conservados pelo prazo necess\u00e1rio ao cumprimento de obriga\u00e7\u00f5es legais. Na aus\u00eancia de exig\u00eancia legal especifica, os dados pessoais do utilizador ser\u00e3o armazenados e conservados pelo prazo de 2 anos ap\u00f3s a \u00faltima altera\u00e7\u00e3o, atualiza\u00e7\u00e3o ou intera\u00e7\u00e3o do utilizador com o website. Findo este prazo, os mesmos poder\u00e3o ser eliminados.<\/p>\n\n\n\n<p><strong>4. Fornecimento de dados a terceiros<\/strong><\/p>\n\n\n\n<p><strong>4.1<\/strong>&nbsp;Salvo disposi\u00e7\u00e3o em contr\u00e1rio, os dados pessoais do utilizador n\u00e3o ser\u00e3o divulgados a terceiros sem o seu consentimento expl\u00edcito.<\/p>\n\n\n\n<p><strong>4.2<\/strong>&nbsp;Os seus dados pessoais poder\u00e3o, contudo, ser divulgados a terceiros prestadores de servi\u00e7os que tratem dados pessoais em representa\u00e7\u00e3o da maquinaspublicidade.pt, por exemplo, para alojamento de p\u00e1gina web, correio eletr\u00f3nico, processar pagamentos, envios e entregas, gest\u00e3o de marca e promo\u00e7\u00f5es de produtos, resposta a quest\u00f5es sobre os servi\u00e7os, envio de informa\u00e7\u00f5es sobre novos servi\u00e7os e produtos.<\/p>\n\n\n\n<p><strong>4.3<\/strong>&nbsp;Al\u00e9m disso, os dados pessoais dos utilizadores poder\u00e3o ser divulgados a terceiros, para: Satisfazer exig\u00eancias impostas pela lei ou pelas autoridades governamentais ou judiciais competentes; Satisfazer exig\u00eancias necess\u00e1rias para instaurar ou sustentar um processo judicial ou a defesa numa ac\u00e7\u00e3o judicial;<\/p>\n\n\n\n<p><strong>5. Armazenamento dos seus Dados Pessoais<\/strong><\/p>\n\n\n\n<p>Os dados pessoais recolhidos e tratados pela maquinaspublicidade.pt s\u00e3o armazenados em servidores com acesso limitado, localizados em instala\u00e7\u00f5es controladas.<\/p>\n\n\n\n<p><strong>6. Transfer\u00eancias de dados para o estrangeiro<\/strong><\/p>\n\n\n\n<p>A presta\u00e7\u00e3o de determinados servi\u00e7os pela n\/ empresa pode implicar a transfer\u00eancia dos seus dados para fora de Portugal. Em tal caso, cumpriremos rigorosamente as disposi\u00e7\u00f5es legais aplic\u00e1veis, nomeadamente quanto \u00e0 determina\u00e7\u00e3o da adequabilidade de tal Pa\u00eds no que respeita a protec\u00e7\u00e3o de dados pessoais e aos requisitos aplic\u00e1veis a tais transfer\u00eancias.<\/p>\n\n\n\n<p><strong>7. Seguran\u00e7a e confidencialidade dos dados<\/strong><\/p>\n\n\n\n<p>\u00c9 objetivo da maquinaspublicidade.pt garantir a qualidade e integridade da informa\u00e7\u00e3o fornecida pelos utilizadores do website, tendo para isso implementado as medidas necess\u00e1rias, tanto ao n\u00edvel tecnol\u00f3gico como organizacional, de forma a manter a informa\u00e7\u00e3o segura, designadamente, sistemas de autentica\u00e7\u00e3o \/ controlo de acessos (login e password), utiliza\u00e7\u00e3o de firewalls e sistemas de detec\u00e7\u00e3o de intrus\u00e3o, registo das ac\u00e7\u00f5es efectuadas pelos colaboradores da n\/ empresa sobre dados pessoais dos clientes ou utilizadores;<\/p>\n\n\n\n<p><strong>8. Cookies<\/strong><\/p>\n\n\n\n<p>Os cookies s\u00e3o pequenos ficheiros de texto enviados pelos s\u00edtios Web que visita e que s\u00e3o armazenados no seu computador. S\u00e3o amplamente utilizados para o funcionamento dos s\u00edtios Web, ou para aumentar a efici\u00eancia dos mesmos, bem como para fornecer informa\u00e7\u00f5es aos propriet\u00e1rios do s\u00edtio. A maquianspublicidade.pt utiliza cookies para recolher informa\u00e7\u00f5es sobre como os visitantes<br>utilizam o seu s\u00edtio Web. Usamos a informa\u00e7\u00e3o para criar relat\u00f3rios e para nos ajudar a melhorar a p\u00e1gina web. Os cookies recolhem informa\u00e7\u00f5es<br>de forma an\u00f3nima, incluindo o n\u00famero de visitantes, os s\u00edtios de onde prov\u00eam e as p\u00e1ginas que visitaram. Os visitantes do nosso site utilizam diferentes programas de consulta e diferentes computadores. A fim de facilitarmos ao m\u00e1ximo as suas consultas, com a tecnologia que est\u00e1 a utilizar, anotamos automaticamente o tipo de browser (tal como, Google Chrome, Mozilla Firefox, Internet Explorer) e sistema operativo (Windows, Macintosh) utilizado por um visitante, bem como o nome de dom\u00ednio da entidade fornecedora de servi\u00e7o Internet do visitante.<br>Recolhemos igualmente o n\u00famero total de visitantes ao nosso site, de forma conjunta, para nos permitir actualiz\u00e1-lo e melhor\u00e1-lo da maneira mais produtiva; neste processo n\u00e3o s\u00e3o extra\u00eddas informa\u00e7\u00f5es pessoais identific\u00e1veis. Estes dados permitem-nos saber se h\u00e1 mais visitantes a<br>preferir determinadas fun\u00e7\u00f5es ou \u00e1reas, contribuindo assim para que possamos manter o nosso site atualizado e interessante para a maioria dos nossos visitantes. A tecnologia cookie ajuda-nos a fornecer conte\u00fados adaptados aos interesses dos visitantes. Os sites que oferecem possibilidades de aquisi\u00e7\u00e3o online, utilizam cookies para registar e processar os elementos constantes do seu cart\u00e3o de compra. Sempre que autorizados, poderemos associar informa\u00e7\u00f5es pessoais a um ficheiro cookie em tais circunst\u00e2ncias.<br>Se n\u00e3o desejar receber cookies, pode configurar o seu computador para o avisar sempre que receber um cookie ou desactivar todos os cookies atrav\u00e9s do seu browser. Consulte o menu de ajuda do seu programa de consulta para saber qual a forma correcta de alterar ou actualizar os cookies). Se desactivar os cookies, poder\u00e1 n\u00e3o conseguir aceder a algumas das fun\u00e7\u00f5es acima indicadas. Atrav\u00e9s das suas defini\u00e7\u00f5es, a maioria dos browsers permite ter algum controlo sobre a maioria dos cookies. Para obter mais informa\u00e7\u00f5es sobre cookies, incluindo para saber que cookies foram instalados e como podem ser geridos e eliminados, visite&nbsp;<a rel=\"noreferrer noopener\" href=\"https:\/\/www.megaphone.pt\/www.allaboutcookies.org\" target=\"_blank\">www.allaboutcookies.org<\/a>. Se n\u00e3o quiser que as suas visitas a s\u00edtios Web sejam detectadas pelo Google Analytics, aceda nesta p\u00e1gina&nbsp;<a rel=\"noreferrer noopener\" href=\"http:\/\/tools.google.com\/dlpage\/gaoptout\" target=\"_blank\">http:\/\/tools.google.com\/dlpage\/gaoptout<\/a><\/p>\n\n\n\n<p>Aten\u00e7\u00e3o: \u00e9 importante perceber que algumas \u00e1reas do site poder\u00e3o n\u00e3o funcionar corretamente ap\u00f3s a desativa\u00e7\u00e3o dos cookies.<strong>8.1 Tipos de cookies<\/strong><\/p>\n\n\n\n<ul class=\"wp-block-list\"><li><strong>Cookies de sess\u00e3o<\/strong>&nbsp;\u2013<br>s\u00e3o cookies tempor\u00e1rios que permanecem no arquivo de cookies do seu<br>browser at\u00e9 sair do website. A informa\u00e7\u00e3o obtida por estes cookies serve<br>para analisar padr\u00f5es de tr\u00e1fego na web, permitindo-nos identificar<br>problemas e fornecer uma melhor experiencia de navega\u00e7\u00e3o.<\/li><li><strong>Cookies permanentes<\/strong>&nbsp;\u2013<br>s\u00e3o cookies que ficam armazenados ao n\u00edvel do browser nos seus<br>equipamentos de acesso (PC, mobile e tablet) e que s\u00e3o utilizados sempre<br>que faz uma nova visita a um dos nossos websites. S\u00e3o utilizados,<br>geralmente, para direcionar a navega\u00e7\u00e3o aos interesses do utilizador,<br>permitindo-nos prestar um servi\u00e7o mais personalizado.<\/li><\/ul>\n\n\n\n<p><strong>8.2 Para que servem os cookies que utilizamos?<\/strong><\/p>\n\n\n\n<ul class=\"wp-block-list\"><li><strong>Cookies estritamente necess\u00e1rios<\/strong>&nbsp;\u2013<br>Permitem que navegue no website e utilize as suas aplica\u00e7\u00f5es, bem como<br>aceder a \u00e1reas seguras do website. Sem estes cookies, os servi\u00e7os que<br>tenha requerido n\u00e3o podem ser prestados.<\/li><li><strong>Cookies anal\u00edticos<\/strong>&nbsp;\u2013<br>S\u00e3o utilizados anonimamente para efeitos de cria\u00e7\u00e3o e an\u00e1lise de<br>estat\u00edsticas, no sentido de melhorar o funcionamento do website.<\/li><li><strong>Cookies de funcionalidade<\/strong>&nbsp;\u2013<br>Guardam as prefer\u00eancias do utilizador relativamente \u00e0 utiliza\u00e7\u00e3o do<br>site, para que n\u00e3o seja necess\u00e1rio voltar a configurar o site cada vez<br>que o visita.<\/li><li><strong>Cookies de terceiros<\/strong>&nbsp;\u2013<br>Medem o sucesso de aplica\u00e7\u00f5es e a efic\u00e1cia da publicidade de terceiros.<br>Podem tamb\u00e9m ser utilizados no sentido de personalizar um widget com<br>dados do utilizador.<\/li><\/ul>\n\n\n\n<p><strong>8.3 Como pode bloquear\/apagar os cookies?<\/strong><\/p>\n\n\n\n<p>Se optar por n\u00e3o ativar os cookies, poder\u00e1 ainda assim navegar no nosso website, mas dever\u00e1 ter em conta que poder\u00e1 impedir que algumas p\u00e1ginas Web sejam apresentadas corretamente. Se pretender saber como impedir que os s\u00edtios\/websites usem cookies no seu dispositivo, escolhe o seu navegador na lista abaixo, ao clicar ser\u00e1 direcionado para a p\u00e1gina do navegador onde poder\u00e1 gerir (aceitar, recusar ou apagar) os seus cookies e dados do website.<\/p>\n\n\n\n<ul class=\"wp-block-list\"><li><strong>Google Chrome<\/strong>&nbsp;\u2013 https:\/\/support.google.com\/chrome\/answer\/95647?hl=pt<\/li><li><strong>Mozilla Firefox<\/strong>&nbsp;\u2013 https:\/\/support.mozilla.org\/pt-PT\/kb\/ativar-e-desativar-cookies-que-os-websites-utiliza<\/li><li><strong>Microsoft Edge<\/strong>&nbsp;\u2013 https:\/\/support.microsoft.com\/pt-pt\/help\/4027947\/windows-delete-cookies<\/li><li><strong>Internet Explorer<\/strong>&nbsp;\u2013 https:\/\/support.microsoft.com\/pt-pt\/help\/17442\/windows-internet-explorer-delete-manage-cookies<\/li><li><strong>Safari<\/strong>&nbsp;\u2013 https:\/\/support.apple.com\/kb\/ph21411?locale=pt_PT<\/li><\/ul>\n\n\n\n<p>As informa\u00e7\u00f5es relativas ao controlo e elimina\u00e7\u00e3o de cookies tamb\u00e9m est\u00e3o dispon\u00edveis em:&nbsp;<strong>allaboutcookies.org<\/strong><\/p>\n\n\n\n<p><strong>9. Direitos dos Titulares dos dados<\/strong><\/p>\n\n\n\n<p>De acordo com a legisla\u00e7\u00e3o em vigor, o Utilizador tem direito de acesso e rectifica\u00e7\u00e3o dos seus Dados, bem como o direito de solicitar a sua elimina\u00e7\u00e3o, opor-se ao seu tratamento e obter a sua limita\u00e7\u00e3o ou portabilidade na medida em que seja aplic\u00e1vel. Pode igualmente opor-se a que os seus Dados sejam utilizados com o fim de cria\u00e7\u00e3o do seu perfil de cliente; neste caso, n\u00e3o poder\u00e1 beneficiar de ofertas ou servi\u00e7os personalizados. Al\u00e9m disso, pode, a qualquer momento, pedir para deixar de receber as nossas comunica\u00e7\u00f5es para efeitos de marketing e publicidade. Estes direitos podem ser exercidos entrando directamente em contacto com a maquinaspublicade.pt<\/p>\n\n\n\n<p><strong>10. Liga\u00e7\u00e3o para redes sociais<\/strong><\/p>\n\n\n\n<p>Permitimos a liga\u00e7\u00e3o a redes sociais, mas n\u00e3o somos respons\u00e1veis pelas suas pol\u00edticas de privacidade e seguran\u00e7a. Recomendamos que as verifique. Trata-se de liga\u00e7\u00f5es a redes sociais externas \u00e0 n\/ empresa sujeitas a Pol\u00edticas de Privacidade pr\u00f3prias. Estas redes poder\u00e3o registar a informa\u00e7\u00e3o relativa \u00e0s atividades dos utilizadores na Internet, incluindo no nosso s\u00edtio da Internet. Recomendamos a an\u00e1lise das condi\u00e7\u00f5es de utiliza\u00e7\u00e3o e das pol\u00edticas de privacidade destas redes sociais, de modo a saber exatamente como estas utilizam os dados pessoais dos utilizadores, bem como o procedimento para eliminar ou limitar o tratamento desses dados.<\/p>\n\n\n\n<p><strong>11. Crian\u00e7as<\/strong><\/p>\n\n\n\n<p>A n\/ empresa n\u00e3o recolhe conscientemente dados pessoais de crian\u00e7as com idade inferior a dezoito anos. Se tiver menos de dezoito anos, n\u00e3o nos ceda dados pessoais. Se acredita que uma crian\u00e7a cedeu dados pessoais \u00e0 n\/ empresa entre em contacto connosco para envidarmos todos os esfor\u00e7os no sentido apagar esses dados pessoais das nossas bases de dados.<\/p>\n\n\n\n<p>Para mais informa\u00e7\u00f5es consulte o Portal do Consumidor em&nbsp;<a href=\"https:\/\/www.consumidor.pt\/\" target=\"_blank\" rel=\"noreferrer noopener\">www.consumidor.pt<\/a><\/p>\n\n\n\n<h2 class=\"wp-block-heading\" id=\"h-\"><\/h2>\n\n\n\n<p><\/p>\n","protected":false},"excerpt":{"rendered":"<p>POL\u00cdTICA DE PRIVACIDADE E PROTE\u00c7\u00c3O DADOS 1. Defini\u00e7\u00e3o e respons\u00e1vel pelo tratamento 1.1-&nbsp;Por dados pessoais deve ser entendida a informa\u00e7\u00e3o, de qualquer natureza e suporte, incluindo-se o som e imagem, relativa a uma pessoa singular identificada ou identific\u00e1vel. \u00c9 considerada como identific\u00e1vel uma pessoa que possa ser identificada, direta ou indiretamente, designadamente por refer\u00eancia a [&hellip;]<\/p>\n","protected":false},"author":1,"featured_media":0,"parent":0,"menu_order":0,"comment_status":"closed","ping_status":"closed","template":"","meta":{"footnotes":""},"class_list":["post-281","page","type-page","status-publish","hentry"],"_links":{"self":[{"href":"https:\/\/www.maquinaspublicidade.pt\/index.php?rest_route=\/wp\/v2\/pages\/281","targetHints":{"allow":["GET"]}}],"collection":[{"href":"https:\/\/www.maquinaspublicidade.pt\/index.php?rest_route=\/wp\/v2\/pages"}],"about":[{"href":"https:\/\/www.maquinaspublicidade.pt\/index.php?rest_route=\/wp\/v2\/types\/page"}],"author":[{"embeddable":true,"href":"https:\/\/www.maquinaspublicidade.pt\/index.php?rest_route=\/wp\/v2\/users\/1"}],"replies":[{"embeddable":true,"href":"https:\/\/www.maquinaspublicidade.pt\/index.php?rest_route=%2Fwp%2Fv2%2Fcomments&post=281"}],"version-history":[{"count":0,"href":"https:\/\/www.maquinaspublicidade.pt\/index.php?rest_route=\/wp\/v2\/pages\/281\/revisions"}],"wp:attachment":[{"href":"https:\/\/www.maquinaspublicidade.pt\/index.php?rest_route=%2Fwp%2Fv2%2Fmedia&parent=281"}],"curies":[{"name":"wp","href":"https:\/\/api.w.org\/{rel}","templated":true}]}}